{"id":954,"date":"2017-09-22T14:34:32","date_gmt":"2017-09-22T13:34:32","guid":{"rendered":"http:\/\/www.erihs.fr\/?page_id=954"},"modified":"2023-07-19T13:38:58","modified_gmt":"2023-07-19T12:38:58","slug":"participation-francaise","status":"publish","type":"page","link":"https:\/\/www.erihs.fr\/?page_id=954","title":{"rendered":"E-RIHS Preparatory Phase (2017 &#8211; 2020)"},"content":{"rendered":"<p>E-RIHS Preparatory Phase est une \u00ab\u00a0coordination and support action\u00a0\u00bb\u00a0 financ\u00e9e par la Commission europ\u00e9enne dans le cadre de l&rsquo;appel \u00e0 projet europ\u00e9en \u00ab\u00a0H2020-INFRADEV-02-2016\u00a0\u00bb. Dot\u00e9 d&rsquo;un budget de 4M\u20ac, ce projet a vu la participation de 20 partenaires r\u00e9partis dans 19 pays.<br \/>\nE-RIHS PP a d\u00e9but\u00e9 en 2017 et s&rsquo;est termin\u00e9e en 2020. Les deux premi\u00e8res ann\u00e9es ont \u00e9t\u00e9 consacr\u00e9es \u00e0 la pr\u00e9paration de la structure de gouvernance, de la strat\u00e9gie scientifique et d&rsquo;autres documents op\u00e9rationnels. La derni\u00e8re ann\u00e9e a quant \u00e0 elle \u00e9t\u00e9 d\u00e9di\u00e9e la n\u00e9gociation entre les diff\u00e9rents partenaires int\u00e9ress\u00e9s par E-RIHS. Cette n\u00e9gociation a abouti par la cr\u00e9ation d&rsquo;une Interim General Assembly rassemblant les futurs pays membres et observateurs, ainsi que par le d\u00e9p\u00f4t d\u00e9but 2021 de la premi\u00e8re \u00e9tape de la candidature d&rsquo;E-RIHS pour devenir un ERIC.<\/p>\n<p>L&rsquo;ensemble des r\u00e9sultats du projet sont disponibles ici : <a href=\"https:\/\/cordis.europa.eu\/project\/id\/739503\/results\">https:\/\/cordis.europa.eu\/project\/id\/739503\/results<\/a><\/p>\n<p><span style=\"text-decoration: underline;\"><em>La participation fran\u00e7aise dans E-RIHS PP:<\/em><\/span><\/p>\n<p>Le C2RMF et IPANEMA ont \u00e9t\u00e9 les deux partenaires fran\u00e7ais impliqu\u00e9s dans la phase pr\u00e9paratoire d\u2019E-RIHS, E-RIHS PP, qui s&rsquo;est consacr\u00e9e \u00e0 la construction de l\u2019infrastructure. Ils ont \u00e9t\u00e9 impliqu\u00e9s dans la majorit\u00e9 des <em>work packages.<\/em><\/p>\n<ul>\n<li><strong>Aspects juridiques<\/strong><\/li>\n<\/ul>\n<p>Isabelle Pallot-Frossard (C2RMF) a coordonn\u00e9 le <em>work package<\/em> consacr\u00e9 aux aspects juridiques. L\u2019objectif \u00e9tait de r\u00e9soudre les principaux probl\u00e8mes juridiques li\u00e9s \u00e0 la construction et \u00e0 l\u2019exploitation d\u2019E-RIHS et de r\u00e9diger les documents associ\u00e9s :<\/p>\n<p>&#8211; M\u00e9morandum d\u2019intention pour la phase de transition<\/p>\n<p>&#8211; Statuts d\u2019E-RIHS<\/p>\n<p>&#8211; R\u00e8gles et proc\u00e9dures internes, y compris concernant la politique d&rsquo;E-RIHS en mati\u00e8re de propri\u00e9t\u00e9 intellectuelle<\/p>\n<ul>\n<li><strong>Politiques d\u2019acc\u00e8s<\/strong><\/li>\n<\/ul>\n<p>Claire Pacheco (C2RMF) a \u00e9t\u00e9 en charge de la t\u00e2che d\u00e9di\u00e9e \u00e0 la r\u00e9flexion et \u00e0 l\u2019int\u00e9gration les politiques d\u2019acc\u00e8s aux quatre plateformes d\u2019E-RIHS\u00a0: ARCHLAB, DIGILAB, FIXLAB et MOLAB.<\/p>\n<ul>\n<li><strong>Priorit\u00e9s scientifiques<\/strong><\/li>\n<\/ul>\n<p>Lo\u00efc Bertrand (IPANEMA) a coordonn\u00e9 la t\u00e2che consacr\u00e9e \u00e0 la d\u00e9finition de la vision scientifique d\u2019E-RIHS, \u00e0 la fois en mati\u00e8re de services aux communaut\u00e9s scientifiques et de recherche propre. L\u2019objectif \u00e9tait de r\u00e9diger la strat\u00e9gie scientifique d\u2019E-RIHS, un document long, d\u00e9taillant les ambitions scientifiques d\u2019E-RIHS et les principes guidant son fonctionnement\u00a0: interdisciplinarit\u00e9, mode de s\u00e9lection des projets, formations\u2026<\/p>\n<div style=\"display:none;\"><\/div>\n<div style=\"display:none;\"><\/div>\n<div style=\"display:none;\"><\/div>\n<div style=\"display:none;\"><\/div>\n","protected":false},"excerpt":{"rendered":"<p>E-RIHS Preparatory Phase est une \u00ab\u00a0coordination and support action\u00a0\u00bb\u00a0 financ\u00e9e par la Commission europ\u00e9enne dans le cadre de l&rsquo;appel \u00e0<\/p>\n","protected":false},"author":10,"featured_media":0,"parent":0,"menu_order":0,"comment_status":"closed","ping_status":"closed","template":"","meta":{"colormag_page_container_layout":"default_layout","colormag_page_sidebar_layout":"default_layout","footnotes":""},"class_list":["post-954","page","type-page","status-publish","hentry"],"_links":{"self":[{"href":"https:\/\/www.erihs.fr\/index.php?rest_route=\/wp\/v2\/pages\/954","targetHints":{"allow":["GET"]}}],"collection":[{"href":"https:\/\/www.erihs.fr\/index.php?rest_route=\/wp\/v2\/pages"}],"about":[{"href":"https:\/\/www.erihs.fr\/index.php?rest_route=\/wp\/v2\/types\/page"}],"author":[{"embeddable":true,"href":"https:\/\/www.erihs.fr\/index.php?rest_route=\/wp\/v2\/users\/10"}],"replies":[{"embeddable":true,"href":"https:\/\/www.erihs.fr\/index.php?rest_route=%2Fwp%2Fv2%2Fcomments&post=954"}],"version-history":[{"count":11,"href":"https:\/\/www.erihs.fr\/index.php?rest_route=\/wp\/v2\/pages\/954\/revisions"}],"predecessor-version":[{"id":1638,"href":"https:\/\/www.erihs.fr\/index.php?rest_route=\/wp\/v2\/pages\/954\/revisions\/1638"}],"wp:attachment":[{"href":"https:\/\/www.erihs.fr\/index.php?rest_route=%2Fwp%2Fv2%2Fmedia&parent=954"}],"curies":[{"name":"wp","href":"https:\/\/api.w.org\/{rel}","templated":true}]}}