{"id":937,"date":"2017-09-22T14:24:15","date_gmt":"2017-09-22T13:24:15","guid":{"rendered":"http:\/\/www.erihs.fr\/?page_id=937"},"modified":"2025-12-18T15:14:43","modified_gmt":"2025-12-18T14:14:43","slug":"gouvernance","status":"publish","type":"page","link":"https:\/\/www.erihs.fr\/?page_id=937","title":{"rendered":"Gouvernance"},"content":{"rendered":"\n<p>La structure de gouvernance d\u2019E-RIHS France, inspir\u00e9e \u00e0 la fois de celle pr\u00e9vue pour E-RIHS ERIC et des solutions adopt\u00e9es par d\u2019autres infrastructures de recherche distribu\u00e9es fran\u00e7aises, est la suivante :<\/p>\n\n\n\n<figure class=\"wp-block-image aligncenter is-resized\"><a href=\"https:\/\/www.erihs.fr\/wp-content\/uploads\/2017\/09\/gouvernance-fr.png\"><img loading=\"lazy\" decoding=\"async\" width=\"1384\" height=\"892\" src=\"https:\/\/www.erihs.fr\/wp-content\/uploads\/2017\/09\/gouvernance-fr.png\" alt=\"gouvernance fr\" class=\"wp-image-1641\" style=\"width:351px;height:auto\" srcset=\"https:\/\/www.erihs.fr\/wp-content\/uploads\/2017\/09\/gouvernance-fr.png 1384w, https:\/\/www.erihs.fr\/wp-content\/uploads\/2017\/09\/gouvernance-fr-300x193.png 300w, https:\/\/www.erihs.fr\/wp-content\/uploads\/2017\/09\/gouvernance-fr-1024x660.png 1024w\" sizes=\"auto, (max-width: 1384px) 100vw, 1384px\" \/><\/a><\/figure>\n\n\n\n<p>Initialement encadr\u00e9e par un m\u00e9morandum d&rsquo;intention sign\u00e9 entre les tutelles des unit\u00e9s int\u00e9ress\u00e9es par le projet d\u2019infrastructure, la gouvernance d&rsquo;E-RIHS France est d\u00e9sormais encadr\u00e9e par une convention de partenariat sign\u00e9e entre les membres du comit\u00e9 de pilotage.&nbsp;<\/p>\n\n\n\n<p>Le comit\u00e9 de pilotage est compos\u00e9 du Minist\u00e8re de la Culture, du CNRS, de Cergy Paris Universit\u00e9, du Mus\u00e9um National d&rsquo;Histoire Naturelle, et de la Fondation des Sciences du Patrimoine. Le Minist\u00e8re de l&rsquo;Enseignement Sup\u00e9rieur, de la Recherche et de l&rsquo;Espace y est un invit\u00e9 permanent.&nbsp;<\/p>\n\n\n\n<h6 class=\"wp-block-heading\">&nbsp;L&rsquo;\u00e9tablissement porteur : la Fondation des Sciences du Patrimoine<\/h6>\n\n\n\n<p>La Fondation des Sciences du Patrimoine (FSP) est une fondation partenariale cr\u00e9\u00e9e en 2013 et plac\u00e9e sous le haut patronage du minist\u00e8re de la Culture et du CNRS. Son objectif est de structurer et de financer la recherche autour du patrimoine mat\u00e9riel avec trois axes\u00a0: la connaissance intime du patrimoine\u2009; l\u2019am\u00e9lioration des proc\u00e9d\u00e9s de conservation et de restauration\u2009; l\u2019am\u00e9lioration des techniques de diffusion des connaissances.<\/p>\n\n\n\n<p>La FSP promeut l\u2019interdisciplinarit\u00e9 et une approche interinstitutionnelle pour les sciences exp\u00e9rimentales, les sciences humaines et sociales et les sciences du num\u00e9rique via le financement de projets, l\u2019organisation d\u2019activit\u00e9s de recherche conjointe, de formation et de diss\u00e9mination et d\u2019exploitation des r\u00e9sultats.<\/p>\n\n\n\n<p>La FSP a \u00e9t\u00e9 d\u00e9sign\u00e9e en tant qu\u2019\u00e9tablissement porteur d\u2019E-RIHS France en avril 2022 et a depuis constitu\u00e9 un p\u00f4le E-RIHS en son sein. Elle est responsable de la gestion administrative du n\u0153ud national et de son animation en lien avec l&rsquo;\u00e9quipe de coordination scientifique.&nbsp;<\/p>\n\n\n\n<p>Compte tenu de l\u2019importance strat\u00e9gique d\u2019E-RIHS France dans la poursuite des objectifs scientifiques de la FSP ainsi que du fort potentiel de mise en synergie de certaines activit\u00e9s entre la FSP et E-RIHS, une place a \u00e9t\u00e9 donn\u00e9e \u00e0 la repr\u00e9sentation d\u2019E-RIHS France dans la structure de gouvernance de la FSP. Cette repr\u00e9sentation se fait par deux moyens : l\u2019invitation du coordinateur scientifique d\u2019E-RIHS France au conseil d\u2019administration de la FSP en tant qu\u2019invit\u00e9 permanent, et l\u2019int\u00e9gration du comit\u00e9 scientifique d\u2019E-RIHS France au sein du comit\u00e9 d\u2019orientation strat\u00e9gique de la FSP.<\/p>\n\n\n\n<p><a href=\"http:\/\/www.sciences-patrimoine.org\/\">En savoir plus<\/a>.<\/p>\n\n\n\n<div style=\"display: none;\">&nbsp;<\/div>\n\n\n\n<div style=\"display: none;\">&nbsp;<\/div>\n\n\n\n<div style=\"display: none;\">&nbsp;<\/div>\n\n\n\n<div style=\"display: none;\">&nbsp;<\/div>\n\r\n","protected":false},"excerpt":{"rendered":"<p>La structure de gouvernance d\u2019E-RIHS France, inspir\u00e9e \u00e0 la fois de celle pr\u00e9vue pour E-RIHS ERIC et des solutions adopt\u00e9es<\/p>\n","protected":false},"author":10,"featured_media":0,"parent":0,"menu_order":0,"comment_status":"closed","ping_status":"closed","template":"","meta":{"colormag_page_container_layout":"default_layout","colormag_page_sidebar_layout":"default_layout","footnotes":""},"class_list":["post-937","page","type-page","status-publish","hentry"],"_links":{"self":[{"href":"https:\/\/www.erihs.fr\/index.php?rest_route=\/wp\/v2\/pages\/937","targetHints":{"allow":["GET"]}}],"collection":[{"href":"https:\/\/www.erihs.fr\/index.php?rest_route=\/wp\/v2\/pages"}],"about":[{"href":"https:\/\/www.erihs.fr\/index.php?rest_route=\/wp\/v2\/types\/page"}],"author":[{"embeddable":true,"href":"https:\/\/www.erihs.fr\/index.php?rest_route=\/wp\/v2\/users\/10"}],"replies":[{"embeddable":true,"href":"https:\/\/www.erihs.fr\/index.php?rest_route=%2Fwp%2Fv2%2Fcomments&post=937"}],"version-history":[{"count":38,"href":"https:\/\/www.erihs.fr\/index.php?rest_route=\/wp\/v2\/pages\/937\/revisions"}],"predecessor-version":[{"id":4694,"href":"https:\/\/www.erihs.fr\/index.php?rest_route=\/wp\/v2\/pages\/937\/revisions\/4694"}],"wp:attachment":[{"href":"https:\/\/www.erihs.fr\/index.php?rest_route=%2Fwp%2Fv2%2Fmedia&parent=937"}],"curies":[{"name":"wp","href":"https:\/\/api.w.org\/{rel}","templated":true}]}}