{"id":904,"date":"2017-09-21T07:21:42","date_gmt":"2017-09-21T06:21:42","guid":{"rendered":"http:\/\/www.erihs.fr\/?page_id=904"},"modified":"2023-08-04T09:47:09","modified_gmt":"2023-08-04T08:47:09","slug":"groupes-de-travail","status":"publish","type":"page","link":"https:\/\/www.erihs.fr\/?page_id=904","title":{"rendered":"Activit\u00e9s scientifiques"},"content":{"rendered":"<p>Dans une d\u00e9marche holistique, E-RIHS France oriente ses activit\u00e9s scientifiques autour de quatre axes\u00a0:<\/p>\n<ul>\n<li>la fourniture d\u2019acc\u00e8s,<\/li>\n<li>la formation,<\/li>\n<li>la recherche transdisciplinaire,<\/li>\n<li>le num\u00e9rique.<\/li>\n<\/ul>\n<p>Ces activit\u00e9s scientifiques sont organis\u00e9es autour de groupes de travail qui se r\u00e9unissent p\u00e9riodiquement et partagent leurs r\u00e9sultats au sein de l&rsquo;assembl\u00e9e g\u00e9n\u00e9rale des fournisseurs d&rsquo;acc\u00e8s.<\/p>\n<p>Pour toute question ou demande de participation aux activit\u00e9s scientifiques d&rsquo;E-RIHS France et d&rsquo;E-RIHS Europe, veuillez nous contacter \u00e0 l&rsquo;adresse suivante : <a href=\"mailto:e-rihs.fr@sciences-patrimoine.org\">e-rihs.fr@sciences-patrimoine.org<\/a>.<\/p>\n<p>&nbsp;<\/p>\n<div style=\"display:none;\"><\/div>\n<div style=\"display:none;\"><\/div>\n<div style=\"display:none;\"><\/div>\n<div style=\"display:none;\"><\/div>\n","protected":false},"excerpt":{"rendered":"<p>Dans une d\u00e9marche holistique, E-RIHS France oriente ses activit\u00e9s scientifiques autour de quatre axes\u00a0: la fourniture d\u2019acc\u00e8s, la formation, la<\/p>\n","protected":false},"author":10,"featured_media":0,"parent":0,"menu_order":0,"comment_status":"closed","ping_status":"closed","template":"","meta":{"colormag_page_container_layout":"no_sidebar_full_width","colormag_page_sidebar_layout":"no_sidebar","footnotes":""},"class_list":["post-904","page","type-page","status-publish","hentry"],"_links":{"self":[{"href":"https:\/\/www.erihs.fr\/index.php?rest_route=\/wp\/v2\/pages\/904","targetHints":{"allow":["GET"]}}],"collection":[{"href":"https:\/\/www.erihs.fr\/index.php?rest_route=\/wp\/v2\/pages"}],"about":[{"href":"https:\/\/www.erihs.fr\/index.php?rest_route=\/wp\/v2\/types\/page"}],"author":[{"embeddable":true,"href":"https:\/\/www.erihs.fr\/index.php?rest_route=\/wp\/v2\/users\/10"}],"replies":[{"embeddable":true,"href":"https:\/\/www.erihs.fr\/index.php?rest_route=%2Fwp%2Fv2%2Fcomments&post=904"}],"version-history":[{"count":10,"href":"https:\/\/www.erihs.fr\/index.php?rest_route=\/wp\/v2\/pages\/904\/revisions"}],"predecessor-version":[{"id":1784,"href":"https:\/\/www.erihs.fr\/index.php?rest_route=\/wp\/v2\/pages\/904\/revisions\/1784"}],"wp:attachment":[{"href":"https:\/\/www.erihs.fr\/index.php?rest_route=%2Fwp%2Fv2%2Fmedia&parent=904"}],"curies":[{"name":"wp","href":"https:\/\/api.w.org\/{rel}","templated":true}]}}