{"id":883,"date":"2017-09-21T08:04:28","date_gmt":"2017-09-21T07:04:28","guid":{"rendered":"http:\/\/www.erihs.fr\/?page_id=883"},"modified":"2023-07-19T15:41:28","modified_gmt":"2023-07-19T14:41:28","slug":"groupe-de-travail-data","status":"publish","type":"page","link":"https:\/\/www.erihs.fr\/?page_id=883","title":{"rendered":"Num\u00e9rique"},"content":{"rendered":"<p>Le groupe de travail num\u00e9rique vise \u00e0 aider les fournisseurs d\u2019acc\u00e8s \u00e0 mettre en \u0153uvre la politique de donn\u00e9es d\u2019E-RIHS Europe, \u00e0 coordonner le d\u00e9veloppement d\u2019applications et de services num\u00e9riques pour les sciences du patrimoine au sein de DIGILAB en collaboration avec diff\u00e9rentes initiatives nationales et europ\u00e9ennes (ESPADON, N-DAME, etc.).<\/p>\n<p>Il met notamment en \u0153uvre le plan de d\u00e9veloppement suivant :<\/p>\n<p>&nbsp;<\/p>\n<p><a href=\"https:\/\/www.erihs.fr\/wp-content\/uploads\/2017\/09\/digilab.png\"><img loading=\"lazy\" decoding=\"async\" class=\"  wp-image-1652 aligncenter\" src=\"https:\/\/www.erihs.fr\/wp-content\/uploads\/2017\/09\/digilab.png\" alt=\"digilab\" width=\"1048\" height=\"746\" srcset=\"https:\/\/www.erihs.fr\/wp-content\/uploads\/2017\/09\/digilab.png 1384w, https:\/\/www.erihs.fr\/wp-content\/uploads\/2017\/09\/digilab-300x214.png 300w, https:\/\/www.erihs.fr\/wp-content\/uploads\/2017\/09\/digilab-1024x730.png 1024w\" sizes=\"auto, (max-width: 1048px) 100vw, 1048px\" \/><\/a><\/p>\n<p>&nbsp;<\/p>\n<p>&nbsp;<\/p>\n<p>Ce d\u00e9veloppement est pr\u00e9vu en plusieurs \u00e9tapes cons\u00e9cutives\u00a0:<\/p>\n<p><strong>\u00c9tape 1\u00a0: Construire l\u2019infrastructure num\u00e9rique<\/strong><\/p>\n<ul>\n<li>Services pour la gestion des utilisateurs et des droits d\u2019acc\u00e8s<\/li>\n<li><span style=\"color: #99cc00;\">Outils et services pour le cycle de vie des donn\u00e9es (ingestion, indexation, stockage, pr\u00e9servation)<\/span><\/li>\n<li><span style=\"color: #ffcc00;\">Lien entre les biens patrimoniaux, questions et protocoles li\u00e9s aux instruments \u00e0 l\u2019expertise humaine li\u00e9es aux \u00ab\u00a0services\u00a0\u00bb<\/span><\/li>\n<\/ul>\n<p>&nbsp;<\/p>\n<p><strong>\u00c9tape 2\u00a0: Construire l\u2019environnement de recherche num\u00e9rique<\/strong><\/p>\n<ul>\n<li><span style=\"color: #ff0000;\">Services num\u00e9riques int\u00e9gr\u00e9s<\/span>\n<ul>\n<li><span style=\"color: #ff0000;\">Services centraux (DIGILAB)<\/span><\/li>\n<li><span style=\"color: #ff0000;\">Services d\u00e9di\u00e9s (FIXLAB, MOLAB, ARCHLAB)<\/span><\/li>\n<\/ul>\n<\/li>\n<li><span style=\"color: #ff0000;\">Cadre op\u00e9rationnel pour les jumeaux num\u00e9riques<\/span><\/li>\n<\/ul>\n<p>&nbsp;<\/p>\n<p><strong>\u00c9tape 3\u00a0: Construire la base de connaissance des sciences du patrimoine<\/strong><\/p>\n<ul>\n<li><span style=\"color: #33cccc;\">\u00c9tablir un cadre de coproduction (partage des donn\u00e9es, enrichissement, r\u00e9utilisation)<\/span><\/li>\n<li><span style=\"color: #33cccc;\">Construire des <em>Digital Commons<\/em> (Jumeaux num\u00e9riques, donn\u00e9es et connaissances)<\/span><\/li>\n<li><span style=\"color: #33cccc;\">Vers de nouvelles perspectives d\u2019analyses crois\u00e9es des donn\u00e9es et des connaissances et des avanc\u00e9es en science du num\u00e9rique<\/span><\/li>\n<\/ul>\n<div style=\"display:none;\"><\/div>\n<div style=\"display:none;\"><\/div>\n<div style=\"display:none;\"><\/div>\n<div style=\"display:none;\"><\/div>\n","protected":false},"excerpt":{"rendered":"<p>Le groupe de travail num\u00e9rique vise \u00e0 aider les fournisseurs d\u2019acc\u00e8s \u00e0 mettre en \u0153uvre la politique de donn\u00e9es d\u2019E-RIHS<\/p>\n","protected":false},"author":10,"featured_media":0,"parent":0,"menu_order":0,"comment_status":"closed","ping_status":"closed","template":"","meta":{"colormag_page_container_layout":"default_layout","colormag_page_sidebar_layout":"default_layout","footnotes":""},"class_list":["post-883","page","type-page","status-publish","hentry"],"_links":{"self":[{"href":"https:\/\/www.erihs.fr\/index.php?rest_route=\/wp\/v2\/pages\/883","targetHints":{"allow":["GET"]}}],"collection":[{"href":"https:\/\/www.erihs.fr\/index.php?rest_route=\/wp\/v2\/pages"}],"about":[{"href":"https:\/\/www.erihs.fr\/index.php?rest_route=\/wp\/v2\/types\/page"}],"author":[{"embeddable":true,"href":"https:\/\/www.erihs.fr\/index.php?rest_route=\/wp\/v2\/users\/10"}],"replies":[{"embeddable":true,"href":"https:\/\/www.erihs.fr\/index.php?rest_route=%2Fwp%2Fv2%2Fcomments&post=883"}],"version-history":[{"count":14,"href":"https:\/\/www.erihs.fr\/index.php?rest_route=\/wp\/v2\/pages\/883\/revisions"}],"predecessor-version":[{"id":1653,"href":"https:\/\/www.erihs.fr\/index.php?rest_route=\/wp\/v2\/pages\/883\/revisions\/1653"}],"wp:attachment":[{"href":"https:\/\/www.erihs.fr\/index.php?rest_route=%2Fwp%2Fv2%2Fmedia&parent=883"}],"curies":[{"name":"wp","href":"https:\/\/api.w.org\/{rel}","templated":true}]}}