{"id":879,"date":"2017-09-21T08:05:13","date_gmt":"2017-09-21T07:05:13","guid":{"rendered":"http:\/\/www.erihs.fr\/?page_id=879"},"modified":"2025-10-31T16:44:23","modified_gmt":"2025-10-31T15:44:23","slug":"groupe-de-travail-formation","status":"publish","type":"page","link":"https:\/\/www.erihs.fr\/?page_id=879","title":{"rendered":"Formation &#8211; HS Academy"},"content":{"rendered":"<p><a href=\"https:\/\/www.erihs.fr\/wp-content\/uploads\/2017\/09\/hs-academy.png\"><img loading=\"lazy\" decoding=\"async\" class=\" size-full wp-image-1654 aligncenter\" src=\"https:\/\/www.erihs.fr\/wp-content\/uploads\/2017\/09\/hs-academy.png\" alt=\"hs academy\" width=\"614\" height=\"192\" srcset=\"https:\/\/www.erihs.fr\/wp-content\/uploads\/2017\/09\/hs-academy.png 614w, https:\/\/www.erihs.fr\/wp-content\/uploads\/2017\/09\/hs-academy-300x94.png 300w\" sizes=\"auto, (max-width: 614px) 100vw, 614px\" \/><\/a>D\u00e9velopp\u00e9e dans le cadre de projets europ\u00e9ens successifs et avec d\u00e9j\u00e0 de nombreuses d\u00e9clinaisons nationales, la \u00ab\u2009<a href=\"https:\/\/www.iperionhs.eu\/category\/hs-academy\/\">HS Academy<\/a>\u2009\u00bb (\u00ab\u2009Acad\u00e9mie des sciences du patrimoine\u2009\u00bb) est une des activit\u00e9s phares d\u2019E-RIHS et b\u00e9n\u00e9ficie d\u00e9j\u00e0 d\u2019une importante communaut\u00e9 (plus de 1200\u00a0utilisateurs uniques en 2022).<\/p>\n<p>L\u2019initiative HS Academy propose une large gamme d\u2019opportunit\u00e9s de formation de pointe en sciences du patrimoine et a deux objectifs principaux\u00a0:<\/p>\n<ul>\n<li>Informer les utilisateurs potentiels des services (acc\u00e8s transnationaux) sur les instruments scientifiques disponibles dans E-RIHS\u2009;<\/li>\n<li>Fournir une formation sur des sujets sp\u00e9cifiques d\u2019int\u00e9r\u00eat pour la communaut\u00e9 des Sciences du Patrimoine.<\/li>\n<\/ul>\n<p>Ses activit\u00e9s sont pour l\u2019instant centr\u00e9es autour de l\u2019organisation de Webinaires th\u00e9matiques et de <em>Lecture series<\/em> en ligne ainsi que sur l\u2019organisation de conf\u00e9rences, d\u2019<em>User Meetings<\/em>, d\u2019\u00e9coles d\u2019\u00e9t\u00e9 et de \u00ab\u2009<em>Hands-on trainings<\/em>\u2009\u00bb.<\/p>\n<p>En plus de la participation active d\u2019E-RIHS France \u00e0 ces activit\u00e9s men\u00e9es au niveau europ\u00e9en, des activit\u00e9s nationales sont en cours de pr\u00e9paration en b\u00e9n\u00e9ficiant de l\u2019expertise en la mati\u00e8re apport\u00e9e par l\u2019Institut National du Patrimoine et de CY Cergy Paris Universit\u00e9. Ces activit\u00e9s associeront en priorit\u00e9 les jeunes chercheurs et professionnels via la Fondation des Sciences du Patrimoine et ses membres.<\/p>\n<div style=\"display: none;\"><\/div>\n<div style=\"display: none;\"><\/div>\n<div style=\"display: none;\"><\/div>\n<div style=\"display: none;\"><\/div>\n","protected":false},"excerpt":{"rendered":"<p>D\u00e9velopp\u00e9e dans le cadre de projets europ\u00e9ens successifs et avec d\u00e9j\u00e0 de nombreuses d\u00e9clinaisons nationales, la \u00ab\u2009HS Academy\u2009\u00bb (\u00ab\u2009Acad\u00e9mie des<\/p>\n","protected":false},"author":10,"featured_media":0,"parent":0,"menu_order":0,"comment_status":"closed","ping_status":"closed","template":"","meta":{"colormag_page_container_layout":"default_layout","colormag_page_sidebar_layout":"default_layout","footnotes":""},"class_list":["post-879","page","type-page","status-publish","hentry"],"_links":{"self":[{"href":"https:\/\/www.erihs.fr\/index.php?rest_route=\/wp\/v2\/pages\/879","targetHints":{"allow":["GET"]}}],"collection":[{"href":"https:\/\/www.erihs.fr\/index.php?rest_route=\/wp\/v2\/pages"}],"about":[{"href":"https:\/\/www.erihs.fr\/index.php?rest_route=\/wp\/v2\/types\/page"}],"author":[{"embeddable":true,"href":"https:\/\/www.erihs.fr\/index.php?rest_route=\/wp\/v2\/users\/10"}],"replies":[{"embeddable":true,"href":"https:\/\/www.erihs.fr\/index.php?rest_route=%2Fwp%2Fv2%2Fcomments&post=879"}],"version-history":[{"count":19,"href":"https:\/\/www.erihs.fr\/index.php?rest_route=\/wp\/v2\/pages\/879\/revisions"}],"predecessor-version":[{"id":4576,"href":"https:\/\/www.erihs.fr\/index.php?rest_route=\/wp\/v2\/pages\/879\/revisions\/4576"}],"wp:attachment":[{"href":"https:\/\/www.erihs.fr\/index.php?rest_route=%2Fwp%2Fv2%2Fmedia&parent=879"}],"curies":[{"name":"wp","href":"https:\/\/api.w.org\/{rel}","templated":true}]}}