{"id":875,"date":"2017-09-21T08:02:14","date_gmt":"2017-09-21T07:02:14","guid":{"rendered":"http:\/\/www.erihs.fr\/?page_id=875"},"modified":"2023-07-19T15:32:23","modified_gmt":"2023-07-19T14:32:23","slug":"groupe-de-travail-couts-complets","status":"publish","type":"page","link":"https:\/\/www.erihs.fr\/?page_id=875","title":{"rendered":"Activit\u00e9s de recherche conjointes"},"content":{"rendered":"<p>Un des objectifs d\u2019E-RIHS est de stimuler la collaboration interdisciplinaire et transnationale, la formation de pointe, la mise en commun des ressources et la r\u00e9alisation d\u2019une plus grande synergie entre institutions de recherche, laboratoires et institutions patrimoniales. La participation fran\u00e7aise \u00e0 E-RIHS Europe et les activit\u00e9s compl\u00e9mentaires qui seront men\u00e9es par E-RIHS France visent \u00e0 consolider la place de la France dans les sciences du patrimoine.<\/p>\n<p>Gr\u00e2ce \u00e0 la p\u00e9rennisation et \u00e0 l\u2019\u00e9largissement du r\u00e9seau de chercheurs et de professionnels cr\u00e9\u00e9 tout au long de plus de 20\u00a0ans de projets europ\u00e9ens, E-RIHS fournira \u00e0 ses membres une plus grande visibilit\u00e9 sur les derniers d\u00e9veloppements scientifiques et les techniques \u00e9mergentes dans le domaine, et contribuera grandement \u00e0 une meilleure concertation dans le montage et le d\u00e9p\u00f4t de projets en commun.<\/p>\n<p>Comme exemples concrets d\u2019innovations m\u00e9thodologiques et technologiques d\u00e9j\u00e0 obtenus dans le cadre de cette construction, nous pouvons citer les m\u00e9thodes coupl\u00e9es d\u2019analyse Fluorescence des rayons X \u2014 Diffraction X portable, ou alors le couplage de techniques laser LIBS-LIF-Raman, mais \u00e9galement la Tomographie de coh\u00e9rence optique pour les mesures d\u2019\u00e9paisseur des vernis des peintures et objets d\u2019art ainsi que sur le contr\u00f4le des op\u00e9rations de nettoyage et de d\u00e9vernissage.<\/p>\n<p>La cr\u00e9ation formelle de l\u2019ERIC et des n\u0153uds nationaux permettra non seulement de maintenir cette dynamique, mais \u00e9galement, de lancer de nouvelles activit\u00e9s de recherche. \u00c0 titre d\u2019exemple, les applications de la prot\u00e9omique, pour la caract\u00e9risation de la mati\u00e8re organique dans les biens culturels, souvent conserv\u00e9e en tr\u00e8s petites quantit\u00e9s et d\u00e9grad\u00e9e (vestiges de contenus arch\u00e9ologiques, liants des peintures, colles, traitements de surface divers, anciens produits de restauration), les nouvelles m\u00e9thodes de datation, les techniques de mesures et d\u2019observation permettant l\u2019\u00e9tude fine de l\u2019impact du changement climatique dans les collections mus\u00e9ales, l\u2019int\u00e9gration du traitement intelligent de l\u2019information (Intelligence artificielle) sont quelques perspectives de recherche qui devront \u00eatre d\u00e9battues au sein de la communaut\u00e9 d\u2019E-RIHS.<\/p>\n<p>En s\u2019appuyant sur les objectifs et projets scientifiques d\u00e9velopp\u00e9s au niveau europ\u00e9en, des actions conjointes de recherche sur des th\u00e9matiques identifi\u00e9es et partag\u00e9es pourront \u00eatre lanc\u00e9es. Ces actions permettront \u00e0 E-RIHS France non seulement de profiter l\u2019acc\u00e8s \u00e0 des ressources analytiques de pointe, mais \u00e9galement de l\u2019opportunit\u00e9 offerte par ce r\u00e9seau scientifique d\u2019excellence pour faire avancer la recherche en sciences du patrimoine dans un souci de haute qualit\u00e9 scientifique et de respect de la mat\u00e9rialit\u00e9 des biens culturels.<\/p>\n<p>Ces \u00e9changes seront propos\u00e9s dans la r\u00e9union annuelle d\u2019utilisateurs, dans des groupes de travail et colloques th\u00e9matiques, dans les webinaires.<\/p>\n<p>Sur la base des priorit\u00e9s th\u00e9matiques d\u00e9gag\u00e9es par ces groupes de r\u00e9flexion, E-RIHS pourra aider, \u00e0 la construction de demandes conjointes de financement des plateformes, \u00e0 l\u2019\u00e9change des scientifiques, \u00e0 l\u2019encadrement conjoint des th\u00e8ses, \u00e0 la construction de projets ambitieux d\u2019achat d\u2019\u00e9quipements scientifiques compl\u00e9mentaires qui viendront enrichir l\u2019offre d\u2019acc\u00e8s.<\/p>\n<p>Enfin, \u00e0 travers la publication et la diss\u00e9mination de ses r\u00e9sultats, E-RIHS contribuera \u00e0 l\u2019\u00e9laboration, \u00e0 la r\u00e9vision ou \u00e0 l\u2019\u00e9valuation des politiques publiques ayant un impact sur le patrimoine culturel mat\u00e9riel.<\/p>\n<div style=\"display:none;\"><\/div>\n<div style=\"display:none;\"><\/div>\n<div style=\"display:none;\"><\/div>\n<div style=\"display:none;\"><\/div>\n","protected":false},"excerpt":{"rendered":"<p>Un des objectifs d\u2019E-RIHS est de stimuler la collaboration interdisciplinaire et transnationale, la formation de pointe, la mise en commun<\/p>\n","protected":false},"author":10,"featured_media":0,"parent":0,"menu_order":0,"comment_status":"closed","ping_status":"closed","template":"","meta":{"colormag_page_container_layout":"no_sidebar_full_width","colormag_page_sidebar_layout":"no_sidebar","footnotes":""},"class_list":["post-875","page","type-page","status-publish","hentry"],"_links":{"self":[{"href":"https:\/\/www.erihs.fr\/index.php?rest_route=\/wp\/v2\/pages\/875","targetHints":{"allow":["GET"]}}],"collection":[{"href":"https:\/\/www.erihs.fr\/index.php?rest_route=\/wp\/v2\/pages"}],"about":[{"href":"https:\/\/www.erihs.fr\/index.php?rest_route=\/wp\/v2\/types\/page"}],"author":[{"embeddable":true,"href":"https:\/\/www.erihs.fr\/index.php?rest_route=\/wp\/v2\/users\/10"}],"replies":[{"embeddable":true,"href":"https:\/\/www.erihs.fr\/index.php?rest_route=%2Fwp%2Fv2%2Fcomments&post=875"}],"version-history":[{"count":12,"href":"https:\/\/www.erihs.fr\/index.php?rest_route=\/wp\/v2\/pages\/875\/revisions"}],"predecessor-version":[{"id":1650,"href":"https:\/\/www.erihs.fr\/index.php?rest_route=\/wp\/v2\/pages\/875\/revisions\/1650"}],"wp:attachment":[{"href":"https:\/\/www.erihs.fr\/index.php?rest_route=%2Fwp%2Fv2%2Fmedia&parent=875"}],"curies":[{"name":"wp","href":"https:\/\/api.w.org\/{rel}","templated":true}]}}