{"id":409,"date":"2016-03-20T13:07:24","date_gmt":"2016-03-20T12:07:24","guid":{"rendered":"http:\/\/www.erihs.fr\/?page_id=409"},"modified":"2026-02-06T11:15:57","modified_gmt":"2026-02-06T10:15:57","slug":"credits-et-mentions-legales","status":"publish","type":"page","link":"https:\/\/www.erihs.fr\/?page_id=409","title":{"rendered":"Cr\u00e9dits et mentions l\u00e9gales"},"content":{"rendered":"<h3><strong>Auteurs <\/strong>: E-RIHS France et FSP<\/h3>\n<h3><strong>Protection des informations nominatives<\/strong><\/h3>\n<p>Conform\u00e9ment \u00e0 la loi n\u00b0 78-17 du 6 janvier 1978, relative \u00e0 l&rsquo;Informatique, aux fichiers et aux Libert\u00e9s (articles 38, 39, 40), vous disposez d&rsquo;un droit d&rsquo;acc\u00e8s, de rectification et de suppression des donn\u00e9es vous concernant, en ligne sur ce site.<\/p>\n<p>Pour exercer ce droit, vous pouvez vous adresser \u00e0 <a href=\"mailto:e-rihs.fr@sciences-patrimoine.org\">e-rihs.fr@sciences-patrimoine.org<\/a>.<\/p>\n<h3><strong>Conditions d&rsquo;utilisation<\/strong><\/h3>\n<h4>Clause de non-responsabilit\u00e9<\/h4>\n<p>La responsabilit\u00e9 d&rsquo;E-RIHS France, de la FSP et leurs membres ne peut, en aucune mani\u00e8re, \u00eatre engag\u00e9e quant au contenu des informations figurant sur ce site ou aux cons\u00e9quences pouvant r\u00e9sulter de leur utilisation ou interpr\u00e9tation.<\/p>\n<h4>Propri\u00e9t\u00e9 intellectuelle<\/h4>\n<p>Copyright \u00a9 2026<\/p>\n<p>Le site d&rsquo;E-RIHS France est une \u0153uvre de cr\u00e9ation, propri\u00e9t\u00e9 exclusive d&rsquo;E-RIHS France &#8211; FSP, prot\u00e9g\u00e9 par la l\u00e9gislation fran\u00e7aise et internationale sur le droit de la propri\u00e9t\u00e9 intellectuelle. Aucune reproduction ou repr\u00e9sentation ne peut \u00eatre r\u00e9alis\u00e9e en contravention avec les droits d&rsquo;E-RIHS issus de la l\u00e9gislation susvis\u00e9e.<\/p>\n<h4>Liens hypertextes<\/h4>\n<p>La mise en place de liens hypertextes par des tiers vers des pages ou des documents diffus\u00e9s sur le site d&rsquo;E-RIHS, est autoris\u00e9e sous r\u00e9serve que les liens ne contreviennent pas aux int\u00e9r\u00eats d&rsquo;E-RIHS et, qu&rsquo;ils garantissent la possibilit\u00e9 pour l&rsquo;utilisateur d&rsquo;identifier l&rsquo;origine et l&rsquo;auteur du document.<\/p>\n<h3>Cr\u00e9dits<\/h3>\n<p>Ce site est propuls\u00e9 par WordPress. Il utilise le th\u00e8me ColorMag by <a title=\"ThemeGrill\" href=\"http:\/\/themegrill.com\/themes\/colormag\" target=\"_blank\" rel=\"designer noopener\">ThemeGrill<\/a>.<\/p>\n<div style=\"display: none;\"><\/div>\n<div style=\"display: none;\"><\/div>\n<div style=\"display: none;\"><\/div>\n<div style=\"display: none;\"><\/div>\n","protected":false},"excerpt":{"rendered":"<p>Auteurs : E-RIHS France et FSP Protection des informations nominatives Conform\u00e9ment \u00e0 la loi n\u00b0 78-17 du 6 janvier 1978,<\/p>\n","protected":false},"author":10,"featured_media":0,"parent":0,"menu_order":0,"comment_status":"closed","ping_status":"closed","template":"","meta":{"colormag_page_container_layout":"default_layout","colormag_page_sidebar_layout":"default_layout","footnotes":""},"class_list":["post-409","page","type-page","status-publish","hentry"],"_links":{"self":[{"href":"https:\/\/www.erihs.fr\/index.php?rest_route=\/wp\/v2\/pages\/409","targetHints":{"allow":["GET"]}}],"collection":[{"href":"https:\/\/www.erihs.fr\/index.php?rest_route=\/wp\/v2\/pages"}],"about":[{"href":"https:\/\/www.erihs.fr\/index.php?rest_route=\/wp\/v2\/types\/page"}],"author":[{"embeddable":true,"href":"https:\/\/www.erihs.fr\/index.php?rest_route=\/wp\/v2\/users\/10"}],"replies":[{"embeddable":true,"href":"https:\/\/www.erihs.fr\/index.php?rest_route=%2Fwp%2Fv2%2Fcomments&post=409"}],"version-history":[{"count":13,"href":"https:\/\/www.erihs.fr\/index.php?rest_route=\/wp\/v2\/pages\/409\/revisions"}],"predecessor-version":[{"id":4775,"href":"https:\/\/www.erihs.fr\/index.php?rest_route=\/wp\/v2\/pages\/409\/revisions\/4775"}],"wp:attachment":[{"href":"https:\/\/www.erihs.fr\/index.php?rest_route=%2Fwp%2Fv2%2Fmedia&parent=409"}],"curies":[{"name":"wp","href":"https:\/\/api.w.org\/{rel}","templated":true}]}}