{"id":357,"date":"2016-03-20T12:22:26","date_gmt":"2016-03-20T11:22:26","guid":{"rendered":"http:\/\/www.erihs.fr\/?page_id=357"},"modified":"2025-04-24T10:11:46","modified_gmt":"2025-04-24T09:11:46","slug":"pays-europeens","status":"publish","type":"page","link":"https:\/\/www.erihs.fr\/?page_id=357","title":{"rendered":"Membres et observateur"},"content":{"rendered":"<p>E-RIHS ERIC est une infrastructure de recherche distribu\u00e9e entre un <em>Central Hub<\/em>, bas\u00e9 \u00e0 Florence (Italie) et les n\u0153uds nationaux. Ces derniers fonctionnent au niveau national dans divers cadres juridiques et repr\u00e9sentent des associations nationales de structures partenaires. Ils renforcent l&rsquo;engagement de la communaut\u00e9 E-RIHS \u00e0 cr\u00e9er et \u00e0 \u00e9largir une infrastructure de recherche paneurop\u00e9enne.<\/p>\n<p>Actuellement, les n\u0153uds nationaux partageant les objectifs de l&rsquo;E-RIHS sont actifs dans les onze pays membres fondateurs: Chypre, France, Hongrie, Italie, Malte, Pays-Bas, Pologne, Roumanie, Slov\u00e9nie, Espagne et Royaume-Uni.<\/p>\n<p>\u00c0\u00a0ces membres fondateurs, s&rsquo;ajoute l&rsquo;ICCROM (Centre international d\u2019\u00e9tudes pour la conservation et la restauration des biens culturels) en tant qu&rsquo;observateur permanent.<\/p>\n<div style=\"display: none;\"><\/div>\n","protected":false},"excerpt":{"rendered":"<p>E-RIHS ERIC est une infrastructure de recherche distribu\u00e9e entre un Central Hub, bas\u00e9 \u00e0 Florence (Italie) et les n\u0153uds nationaux.<\/p>\n","protected":false},"author":10,"featured_media":0,"parent":0,"menu_order":0,"comment_status":"closed","ping_status":"closed","template":"","meta":{"colormag_page_container_layout":"default_layout","colormag_page_sidebar_layout":"default_layout","footnotes":""},"class_list":["post-357","page","type-page","status-publish","hentry"],"_links":{"self":[{"href":"https:\/\/www.erihs.fr\/index.php?rest_route=\/wp\/v2\/pages\/357","targetHints":{"allow":["GET"]}}],"collection":[{"href":"https:\/\/www.erihs.fr\/index.php?rest_route=\/wp\/v2\/pages"}],"about":[{"href":"https:\/\/www.erihs.fr\/index.php?rest_route=\/wp\/v2\/types\/page"}],"author":[{"embeddable":true,"href":"https:\/\/www.erihs.fr\/index.php?rest_route=\/wp\/v2\/users\/10"}],"replies":[{"embeddable":true,"href":"https:\/\/www.erihs.fr\/index.php?rest_route=%2Fwp%2Fv2%2Fcomments&post=357"}],"version-history":[{"count":30,"href":"https:\/\/www.erihs.fr\/index.php?rest_route=\/wp\/v2\/pages\/357\/revisions"}],"predecessor-version":[{"id":3834,"href":"https:\/\/www.erihs.fr\/index.php?rest_route=\/wp\/v2\/pages\/357\/revisions\/3834"}],"wp:attachment":[{"href":"https:\/\/www.erihs.fr\/index.php?rest_route=%2Fwp%2Fv2%2Fmedia&parent=357"}],"curies":[{"name":"wp","href":"https:\/\/api.w.org\/{rel}","templated":true}]}}