{"id":353,"date":"2016-03-20T12:20:24","date_gmt":"2016-03-20T11:20:24","guid":{"rendered":"http:\/\/www.erihs.fr\/?page_id=353"},"modified":"2023-07-21T15:05:06","modified_gmt":"2023-07-21T14:05:06","slug":"construction","status":"publish","type":"page","link":"https:\/\/www.erihs.fr\/?page_id=353","title":{"rendered":"E-RIHS EUROPE"},"content":{"rendered":"<p>En mars 2016, le projet E-RIHS a \u00e9t\u00e9 inscrit sur la feuille de route ESFRI (<em>European Strategy Forum on Research<\/em>\u00a0<em>Infrastructures<\/em>) et a \u00e9t\u00e9 retenu dans le cadre de l\u2019appel \u00e0 projet Horizon 2020 INFRADEV-02-2016 : le projet E-RIHS PP a \u00e9t\u00e9 s\u00e9lectionn\u00e9 par la Commission europ\u00e9enne le 23 septembre 2016. Il a d\u00e9but\u00e9 en f\u00e9vrier 2017 et s&rsquo;est achev\u00e9 en septembre 2020.<\/p>\n<p>A la fin de la phase pr\u00e9paratoire, le processus de cr\u00e9ation de l\u2019infrastructure peut \u00eatre engag\u00e9. Il se d\u00e9roule en deux \u00e9tapes :<\/p>\n<ul>\n<li>\u00c9tape 1 : \u00e9valuation scientifique du projet, validation des statuts juridiques<\/li>\n<li>\u00c9tape 2 : signature des pays s\u2019engageant \u00e0 devenir membre de l\u2019infrastructure (un minimum de 3 pays est requis), demande officielle de cr\u00e9ation de la structure de la part du pays h\u00f4te<\/li>\n<\/ul>\n<p>A l\u2019issue de ce processus, l\u2019infrastructure sera cr\u00e9\u00e9e par la Commission europ\u00e9enne.<\/p>\n<p><strong>Calendrier<\/strong><\/p>\n<ul>\n<li>F\u00e9vrier 2017 &#8211; septembre 2020 : phase pr\u00e9paratoire, financ\u00e9e par le projet INFRADEV-02-2016<\/li>\n<li>2021-2023 : processus de cr\u00e9ation de l\u2019infrastructure<\/li>\n<li>2024 : cr\u00e9ation de l\u2019infrastructure par la Commission europ\u00e9enne<\/li>\n<\/ul>\n<p><strong><a href=\"http:\/\/www.erihs.fr\/?page_id=357\" target=\"_blank\">Voir les pays europ\u00e9ens impliqu\u00e9s dans E-RIHS<\/a>.<\/strong><\/p>\n<h6>Structure de gouvernance d&rsquo;E-RIHS Europe<\/h6>\n<p>En tant que consortium europ\u00e9en pour une infrastructure de recherche (<em>European Research Infrastructure Consortium<\/em>, ERIC), E-RIHS Europe a organis\u00e9 sa structure de gouvernance en application du cadre r\u00e9glementaire europ\u00e9en et des recommandations officielles europ\u00e9ennes. Cette structure a \u00e9t\u00e9 adopt\u00e9e par les diff\u00e9rents pays signataires de la\u00a0<em>Step\u00a01<\/em>\u00a0d\u2019E-RIHS, dont la France, via la validation des futurs statuts de l\u2019infrastructure.<\/p>\n<p>Cette structure de gouvernance suit un mod\u00e8le assez r\u00e9pandu chez les infrastructures de recherche distribu\u00e9es.<\/p>\n<p><a href=\"https:\/\/www.erihs.fr\/wp-content\/uploads\/2023\/07\/Structure-E-RIHS-ERIC.png\"><img loading=\"lazy\" decoding=\"async\" class=\"alignnone wp-image-1677 size-full\" src=\"https:\/\/www.erihs.fr\/wp-content\/uploads\/2023\/07\/Structure-E-RIHS-ERIC.png\" alt=\"Structure E-RIHS ERIC\" width=\"1333\" height=\"973\" srcset=\"https:\/\/www.erihs.fr\/wp-content\/uploads\/2023\/07\/Structure-E-RIHS-ERIC.png 1333w, https:\/\/www.erihs.fr\/wp-content\/uploads\/2023\/07\/Structure-E-RIHS-ERIC-300x219.png 300w, https:\/\/www.erihs.fr\/wp-content\/uploads\/2023\/07\/Structure-E-RIHS-ERIC-1024x747.png 1024w\" sizes=\"auto, (max-width: 1333px) 100vw, 1333px\" \/><\/a><\/p>\n<p>&nbsp;<\/p>\n<div style=\"display:none;\"><\/div>\n<div style=\"display:none;\"><\/div>\n<div style=\"display:none;\"><\/div>\n<div style=\"display:none;\"><\/div>\n","protected":false},"excerpt":{"rendered":"<p>En mars 2016, le projet E-RIHS a \u00e9t\u00e9 inscrit sur la feuille de route ESFRI (European Strategy Forum on Research\u00a0Infrastructures)<\/p>\n","protected":false},"author":10,"featured_media":0,"parent":0,"menu_order":0,"comment_status":"closed","ping_status":"closed","template":"","meta":{"colormag_page_container_layout":"default_layout","colormag_page_sidebar_layout":"default_layout","footnotes":""},"class_list":["post-353","page","type-page","status-publish","hentry"],"_links":{"self":[{"href":"https:\/\/www.erihs.fr\/index.php?rest_route=\/wp\/v2\/pages\/353","targetHints":{"allow":["GET"]}}],"collection":[{"href":"https:\/\/www.erihs.fr\/index.php?rest_route=\/wp\/v2\/pages"}],"about":[{"href":"https:\/\/www.erihs.fr\/index.php?rest_route=\/wp\/v2\/types\/page"}],"author":[{"embeddable":true,"href":"https:\/\/www.erihs.fr\/index.php?rest_route=\/wp\/v2\/users\/10"}],"replies":[{"embeddable":true,"href":"https:\/\/www.erihs.fr\/index.php?rest_route=%2Fwp%2Fv2%2Fcomments&post=353"}],"version-history":[{"count":16,"href":"https:\/\/www.erihs.fr\/index.php?rest_route=\/wp\/v2\/pages\/353\/revisions"}],"predecessor-version":[{"id":4579,"href":"https:\/\/www.erihs.fr\/index.php?rest_route=\/wp\/v2\/pages\/353\/revisions\/4579"}],"wp:attachment":[{"href":"https:\/\/www.erihs.fr\/index.php?rest_route=%2Fwp%2Fv2%2Fmedia&parent=353"}],"curies":[{"name":"wp","href":"https:\/\/api.w.org\/{rel}","templated":true}]}}