{"id":349,"date":"2016-03-20T12:17:29","date_gmt":"2016-03-20T11:17:29","guid":{"rendered":"http:\/\/www.erihs.fr\/?page_id=349"},"modified":"2025-12-18T12:25:58","modified_gmt":"2025-12-18T11:25:58","slug":"projets-types-des-utilisateurs","status":"publish","type":"page","link":"https:\/\/www.erihs.fr\/?page_id=349","title":{"rendered":"Projets types des utilisateurs"},"content":{"rendered":"\n<hr class=\"wp-block-separator has-alpha-channel-opacity is-style-wide\"\/>\n\n\n\n<h6 class=\"wp-block-heading has-text-color has-link-color has-medium-font-size wp-elements-5bebe9679b18e25080276fa1217bac0c\" style=\"color:#ea212d\">ARCHLAB &#8211;&nbsp;Les peintures au blanc de zinc des XIXe et XXe&nbsp;si\u00e8cles&nbsp;: caract\u00e9risation physico-chimique multidimensionnelle<\/h6>\n\n\n\n<p>Le projet ZOoMM (<em>Zinc Oxide\u00a0: from Micro to Macro<\/em>) est une th\u00e8se de doctorat de trois\u00a0ans visant \u00e0\u00a0:<br>1) \u00c9tudier la relation entre les propri\u00e9t\u00e9s du blanc de zinc et leur variabilit\u00e9 pour \u00e9ventuellement trouver des marqueurs pour la conservation et l\u2019authentification des \u0153uvres d\u2019art\u2009;<br>2) Comprendre l\u2019\u00e9tendue et les modalit\u00e9s d\u2019utilisation du blanc de zinc chez les artistes des XIX<sup>e<\/sup> et XX<sup>e<\/sup>si\u00e8cles.<\/p>\n\n\n\n<ol class=\"wp-block-list\"><\/ol>\n\n\n\n<p>ARCHLAB a permis d\u2019avoir acc\u00e8s \u00e0 des mat\u00e9riaux historiques \u00e0 base de blanc de zinc (c\u2019est-\u00e0-dire des poudres de pigments, un \u00e9chantillon d\u2019un nuancier) appartenant \u00e0 la <em>Cultural Heritage Agency<\/em> (RCE) aux Pays-Bas. Cela a beaucoup enrichi le corpus de mat\u00e9riaux d\u2019artistes historiques et contemporains \u00e0 base de blanc de zinc du projet, en profitant \u00e9galement de l\u2019expertise des chercheurs travaillant sur les mat\u00e9riaux de la peinture dans les deux institutions.<\/p>\n\n\n\n<div class=\"wp-block-columns are-vertically-aligned-center is-layout-flex wp-container-core-columns-is-layout-28f84493 wp-block-columns-is-layout-flex\">\n<div class=\"wp-block-column is-vertically-aligned-center is-layout-flow wp-block-column-is-layout-flow\" style=\"flex-basis:33.33%\">\n<figure class=\"wp-block-image aligncenter size-full\"><a href=\"https:\/\/www.erihs.fr\/wp-content\/uploads\/2025\/12\/Image1-1.png\"><img loading=\"lazy\" decoding=\"async\" width=\"550\" height=\"411\" src=\"https:\/\/www.erihs.fr\/wp-content\/uploads\/2025\/12\/Image1-1.png\" alt=\"Nuancier contenant des \u00e9chantillons de pigments historiques, RCE\" class=\"wp-image-4671\" srcset=\"https:\/\/www.erihs.fr\/wp-content\/uploads\/2025\/12\/Image1-1.png 550w, https:\/\/www.erihs.fr\/wp-content\/uploads\/2025\/12\/Image1-1-300x224.png 300w\" sizes=\"auto, (max-width: 550px) 100vw, 550px\" \/><\/a><figcaption class=\"wp-element-caption\"><em>Nuancier contenant des \u00e9chantillons de pigments historiques, RCE<\/em><\/figcaption><\/figure>\n<\/div>\n\n\n\n<div class=\"wp-block-column is-vertically-aligned-center is-layout-flow wp-block-column-is-layout-flow\" style=\"flex-basis:66.66%\">\n<p>La composition, la taille et la morphologie des particules, ainsi que la luminescence de mat\u00e9riaux produits par diff\u00e9rents fabricants de blanc de zinc depuis la fin du XIX<sup>e<\/sup>&nbsp;si\u00e8cle jusqu\u2019\u00e0 aujourd\u2019hui ont \u00e9t\u00e9 analys\u00e9es. Cela a permis de cr\u00e9er une base de donn\u00e9es de r\u00e9f\u00e9rence pour d\u2019autres \u00e9tudes sur le pigment et pour \u00eatre compar\u00e9es \u00e0 des mat\u00e9riaux issus d\u2019\u0153uvres d\u2019art. En particulier, des \u00e9chantillons de poudre provenant de fabricants n\u00e9erlandais (par exemple, <em>Maastrichtse zinkwit mij. Ejsden, Sikkens<\/em>) ont \u00e9t\u00e9 compar\u00e9s \u00e0 des \u00e9chantillons de la <em>Vieille Montagne<\/em>, l\u2019un des principaux fabricants europ\u00e9ens de ZnO, ainsi qu\u2019\u00e0 du ZnO synth\u00e9tis\u00e9 et commercial de r\u00e9f\u00e9rence, en utilisant un large \u00e9ventail de techniques, des \u00e9quipements de laboratoire (MO, SEM-EDX, DRX, CL) aux grands instruments (HR-XRD \u00e0 l\u2019ESRF, PIXE-IBIL \u00e0 AGLAE).<\/p>\n\n\n\n<p><\/p>\n<\/div>\n<\/div>\n\n\n\n<p>Le travail sera valoris\u00e9 dans une publication <em>ad hoc<\/em> et dans le manuscrit de th\u00e8se de Nicoletta Palladino en 2023.<\/p>\n\n\n\n<p style=\"font-size:10px\">Sources&nbsp;: Palladino <em>et al.<\/em>, <em>An analytical survey of zinc white historical and contemporary artists\u2019 materials<\/em>, [Manuscript submitted for publication], <a href=\"http:\/\/www.sciences-patrimoine.org\/projet\/zoomm\/\">http:\/\/www.sciences-patrimoine.org\/projet\/zoomm\/<\/a><\/p>\n\n\n\n<hr class=\"wp-block-separator has-alpha-channel-opacity is-style-wide\"\/>\n\n\n\n<h6 class=\"wp-block-heading has-text-color has-link-color has-medium-font-size wp-elements-6edb9e7f4bf51f97a652af12f989a587\" style=\"color:#ea212d\">MOLAB &#8211; \u00c9tudes sur place de la peinture murale du monast\u00e8re de M\u00fcstair effectu\u00e9es en utilisant un prototype mobile d\u2019analyse multi-spectroscopique (LIBS-LIF-Raman combin\u00e9s)<\/h6>\n\n\n\n<div class=\"wp-block-columns are-vertically-aligned-center is-layout-flex wp-container-core-columns-is-layout-28f84493 wp-block-columns-is-layout-flex\">\n<div class=\"wp-block-column is-vertically-aligned-center is-layout-flow wp-block-column-is-layout-flow\" style=\"flex-basis:66.66%\">\n<p>Dans le cadre du projet europ\u00e9en IPERION HS, une mission MOLAB a \u00e9t\u00e9 r\u00e9alis\u00e9e au monast\u00e8re de Saint-Jean \u00e0 M\u00fcstair, en Suisse, en utilisant un instrument mobile qui combine diff\u00e9rentes techniques spectroscopiques (LIBS, LIF, spectroscopie Raman et r\u00e9flectance) pour obtenir des informations compl\u00e9mentaires sur les \u00e9l\u00e9ments et les mol\u00e9cules constitutifs des peintures murales. Ce prototype, d\u00e9velopp\u00e9 dans le cadre des programmes IPERION CH (H2020) et EquipEX (ANR, France), a des capacit\u00e9s analytiques \u00e9tendues sur divers mat\u00e9riaux du patrimoine culturel. Les mesures peuvent \u00eatre prises \u00e0 une distance d\u2019environ 15\u00a0cm avec un diam\u00e8tre d\u2019analyse d\u2019environ 80\u00a0\u00b5m. Il permet d\u2019analyser \u00e0 la fois des mat\u00e9riaux inorganiques tels que la c\u00e9ramique, le verre, la pierre, le m\u00e9tal et les sous-produits m\u00e9tallurgiques, ainsi que des mat\u00e9riaux organiques tels que les mati\u00e8res animales, les liants, les colles, le bois, le papier, les textiles et les vernis. <\/p>\n\n\n\n<p><\/p>\n<\/div>\n\n\n\n<div class=\"wp-block-column is-vertically-aligned-center is-layout-constrained wp-block-column-is-layout-constrained\" style=\"flex-basis:33.33%\">\n<figure class=\"wp-block-image size-full\"><a href=\"https:\/\/www.erihs.fr\/wp-content\/uploads\/2025\/12\/Image2-1.png\"><img loading=\"lazy\" decoding=\"async\" width=\"520\" height=\"398\" src=\"https:\/\/www.erihs.fr\/wp-content\/uploads\/2025\/12\/Image2-1.png\" alt=\"Caract\u00e9risation des mat\u00e9riaux de la peinture murale en XVe\u00a0si\u00e8cle du monast\u00e8re de M\u00fcstair (Suisse)\" class=\"wp-image-4672\" srcset=\"https:\/\/www.erihs.fr\/wp-content\/uploads\/2025\/12\/Image2-1.png 520w, https:\/\/www.erihs.fr\/wp-content\/uploads\/2025\/12\/Image2-1-300x230.png 300w\" sizes=\"auto, (max-width: 520px) 100vw, 520px\" \/><\/a><figcaption class=\"wp-element-caption\"><em>Caract\u00e9risation des mat\u00e9riaux de la peinture murale en XVe\u00a0si\u00e8cle du monast\u00e8re de M\u00fcstair (Suisse) en utilisant le prototype mobile combinant les techniques spectroscopiques LIBS, LIF et spectroscopie Raman. (Oct. 2022)<\/em><\/figcaption><\/figure>\n<\/div>\n<\/div>\n\n\n\n<p>Cet instrument trouve de nombreuses applications dans le domaine du patrimoine culturel\u00a0: les objets et sites arch\u00e9ologiques, l\u2019architecture, les objets d\u2019art, les objets anthropologiques, la peinture, la sculpture ou les textiles.<\/p>\n\n\n\n<p>La LIBS peut \u00eatre utilis\u00e9e pour une analyse qualitative et quantitative des \u00e9l\u00e9ments l\u00e9gers comme des \u00e9l\u00e9ments lourds, tandis que la LIF et la spectroscopie Raman permettent de travailler dans des conditions d\u2019\u00e9clairage ambiant. Ce prototype mobile aide aux prises de d\u00e9cision sur place.<\/p>\n\n\n\n<p style=\"font-size:10px\">Sources&nbsp;:<br>\nDetalle, V.; Bai, X.\u2009; Bourguignon, E.\u2009; Menu, M.\u2009; Pallot-Frossard, I.&nbsp;LIBS-LIF-Raman&nbsp;: a new tool for the future E-RIHS. In Proceedings of Optics for Arts, Architecture, and Archaeology VI; p. 103310N.<br>\nBai, X.\u2009; Oujja, M.; Sanz, M.; Lopez, M.\u2009; Dandolo, C.K.\u2009; Castillejo, M.; Detalle, V. Integrating LIBS LIF Raman into a single multi-spectroscopic mobile device for in situ cultural heritage analysis. In Proceedings of Optics for Arts, Architecture, and Archaeology VII; pp.&nbsp;182-194.<br>\nBai, X.\u2009; Detalle, V. Time-Gated Pulsed Raman Spectroscopy with NS Laser for Cultural Heritage. Heritage&nbsp;2023, 6, 1531-1540.<\/p>\n\n\n\n<hr class=\"wp-block-separator has-alpha-channel-opacity is-style-wide\"\/>\n\n\n\n<h6 class=\"wp-block-heading has-text-color has-link-color has-medium-font-size wp-elements-2a0f5c1ad1645e52640e0e0ccaca0c2e\" style=\"color:#ea212d\">FIXLAB &#8211; Cartographier la composition \u00e0 la surface des objets historiques gr\u00e2ce \u00e0 un positionneur 3D<\/h6>\n\n\n\n<div class=\"wp-block-columns are-vertically-aligned-top is-layout-flex wp-container-core-columns-is-layout-28f84493 wp-block-columns-is-layout-flex\">\n<div class=\"wp-block-column is-vertically-aligned-top is-layout-flow wp-block-column-is-layout-flow\" style=\"flex-basis:33.33%\">\n<figure class=\"wp-block-image size-full\"><a href=\"https:\/\/www.erihs.fr\/wp-content\/uploads\/2025\/12\/scan-aglae.png\"><img loading=\"lazy\" decoding=\"async\" width=\"592\" height=\"370\" src=\"https:\/\/www.erihs.fr\/wp-content\/uploads\/2025\/12\/scan-aglae.png\" alt=\"Scan test d\u2019un pot en porcelaine \u00e9maill\u00e9e avec un beau d\u00e9cor polychrome.\" class=\"wp-image-4685\" srcset=\"https:\/\/www.erihs.fr\/wp-content\/uploads\/2025\/12\/scan-aglae.png 592w, https:\/\/www.erihs.fr\/wp-content\/uploads\/2025\/12\/scan-aglae-300x188.png 300w\" sizes=\"auto, (max-width: 592px) 100vw, 592px\" \/><\/a><figcaption class=\"wp-element-caption\"><em>Scan test d\u2019un pot en porcelaine \u00e9maill\u00e9e avec un beau d\u00e9cor polychrome. (a) Le pot en train d\u2019\u00eatre scann\u00e9 par l\u2019instrument AGLAE.<br>(b) De haut en bas, les cartographies de chrome, cobalt et zinc.<\/em><\/figcaption><\/figure>\n<\/div>\n\n\n\n<div class=\"wp-block-column is-vertically-aligned-top is-layout-flow wp-block-column-is-layout-flow\" style=\"flex-basis:66.66%\">\n<p>Les \u00e9quipes d\u2019AGLAE, avec leurs coll\u00e8gues de BNC, IPANEMA et SOLEIL, ont d\u00e9velopp\u00e9 un positionneur 3D pour la cartographie \u00e9l\u00e9mentaire des surfaces non-planes des objets patrimoniaux, et ont test\u00e9 sa mise en \u0153uvre sur le faisceau externe de l\u2019acc\u00e9l\u00e9rateur AGLAE. Ce travail r\u00e9sulte d\u2019une activit\u00e9 de recherche conjointe du projet europ\u00e9en IPERION CH.<\/p>\n\n\n\n<p>La proc\u00e9dure utilis\u00e9e se base sur trois \u00e9tapes : (i) la d\u00e9finition d\u2019une g\u00e9om\u00e9trie exp\u00e9rimentale sur une surface incurv\u00e9e, (ii) une cartographie en nuage de points et (iii) un protocole d\u2019alignement permettant le positionnement d\u2019un objet avec un hexapode. Ce nouveau positionneur 3D pour cartographier les objets aux formes complexes a \u00e9t\u00e9 con\u00e7u, assembl\u00e9 et install\u00e9 \u00e0 l\u2019extr\u00e9mit\u00e9 du microfaisceau extrait. Son test sur un pot en porcelaine incurv\u00e9e par des analyses PIXE fut une r\u00e9ussite et a permis de scanner la surface de l\u2019objet malgr\u00e9 sa surface incurv\u00e9e.<\/p>\n<\/div>\n<\/div>\n\n\n\n<p><\/p>\n\n\n\n<p style=\"font-size:10px\">Source&nbsp;: Thomas Calligaro et al, \u201cA new 3D positioner for the analytical mapping of non-flat objects under accelerator beams\u201d. In: <em>Nuclear Instruments and Methods in Physics Research Section B: Beam Interactions with Materials and Atoms<\/em> 467 (2020), pp. 65-72.<\/p>\n\n\n\n<hr class=\"wp-block-separator has-alpha-channel-opacity is-style-wide\"\/>\n\n\n\n<h6 class=\"wp-block-heading has-text-color has-link-color has-medium-font-size wp-elements-ef2f790dd4fad32d977e57cfff623f54\" style=\"color:#ea212d\">DIGILAB &#8211; Ouvrir les donn\u00e9es AGLAE \u00e0 la communaut\u00e9 E-RIHS gr\u00e2ce \u00e0 Euphrosyne<\/h6>\n\n\n\n<p>La plateforme num\u00e9rique Euphrosyne permet depuis quelques mois aux utilisateurs fran\u00e7ais FIXLAB de New AGLAE (la version anglaise sera op\u00e9rationnelle en 2024), de pr\u00e9parer leur exp\u00e9rience \u00e0 distance avant leur venue au Louvre, d\u2019acc\u00e9der en toute s\u00e9curit\u00e9 \u00e0 leurs jeux de donn\u00e9es brutes, aux logiciels de traitement de donn\u00e9es ainsi qu\u2019aux donn\u00e9es trait\u00e9es pour les m\u00e9thodes PIXE&nbsp;et PIGE. Les autres techniques faisant appel \u00e0 des logiciels sous licence sont actuellement \u00e0 l\u2019\u00e9tude.<\/p>\n\n\n\n<div class=\"wp-block-columns is-layout-flex wp-container-core-columns-is-layout-28f84493 wp-block-columns-is-layout-flex\">\n<div class=\"wp-block-column is-layout-flow wp-block-column-is-layout-flow\" style=\"flex-basis:66.66%\">\n<p>\u00c0 l\u2019\u00e9chelle d\u2019E-RIHS, les prochaines actions \u00e0 mener pour d\u00e9velopper Euphrosyne sont les suivantes\u00a0:<br>1) Interconnecter Euphrosyne avec une ou deux autres bases de donn\u00e9es fran\u00e7aises et europ\u00e9ennes\u2009;<br>2) Interconnecter Euphrosyne \u00e0 l\u2019outil de d\u00e9p\u00f4t et de gestion de projet du hub central d\u2019E-RIHS (l\u2019utilisateur n\u2019aura pas \u00e0 refournir les informations d\u00e9j\u00e0 transmises lors du d\u00e9p\u00f4t de projet et certaines pourront \u00eatre directement int\u00e9gr\u00e9es lors de la pr\u00e9paration des exp\u00e9rimentations, ce qui fait gagner du temps \u00e0 la fois \u00e0 l\u2019utilisateur et au fournisseur d\u2019acc\u00e8s)\u2009;<br>3) Interconnecter les bases de donn\u00e9es relationnelles de tous les fournisseurs d\u2019acc\u00e8s d\u2019analyse par faisceau d\u2019ions impliqu\u00e9s dans E-RIHS.<\/p>\n\n\n\n<p>Dans la mesure o\u00f9 d\u2019autres acc\u00e9l\u00e9rateurs europ\u00e9ens r\u00e9alisant de l\u2019analyse par faisceau d\u2019ions sont engag\u00e9s dans E-RIHS, l\u2019interconnexion de leurs diff\u00e9rentes bases de donn\u00e9es relationnelles interrogeables par mots-clefs permettrait pour l\u2019utilisateur DIGILAB de trouver tous les jeux de donn\u00e9es \u00e0 sa disposition, quel que soit le pourvoyeur d\u2019acc\u00e8s. Trois acc\u00e9l\u00e9rateurs r\u00e9alisant de l\u2019analyse par faisceau d\u2019ions sont engag\u00e9s dans E-RIHS\u00a0: ATOMKI en Hongrie, le LABEC \u00e0 Florence et New AGLAE en France. Le pr\u00e9requis pour cette interconnexion est la FAIRisation des donn\u00e9es et la mise en \u0153uvre d\u2019une base de donn\u00e9es relationnelle. Par exemple, un chercheur souhaitant r\u00e9cup\u00e9rer des jeux de donn\u00e9es PIXE sur du lapis-lazuli en \u00c9gypte Antique pourrait avoir comme r\u00e9sultat six jeux de donn\u00e9es disponibles (trois par ATOMKI, deux par le LABEC et un par New AGLAE). Le chercheur n\u2019aurait pas \u00e0 interroger trois bases diff\u00e9rentes, mais une seule, \u00e0 l\u2019\u00e9chelle europ\u00e9enne. Les fournisseurs d\u2019acc\u00e8s auraient \u00e9galement \u00e0 leur disposition beaucoup plus de r\u00e9f\u00e9rences que leur base unique pour leurs utilisateurs FIXLAB.<\/p>\n<\/div>\n\n\n\n<div class=\"wp-block-column is-layout-flow wp-block-column-is-layout-flow\" style=\"flex-basis:33.33%\">\n<figure class=\"wp-block-image size-full\"><a href=\"https:\/\/www.erihs.fr\/wp-content\/uploads\/2025\/12\/euphrosyne.jpg\"><img loading=\"lazy\" decoding=\"async\" width=\"227\" height=\"366\" src=\"https:\/\/www.erihs.fr\/wp-content\/uploads\/2025\/12\/euphrosyne.jpg\" alt=\"Capture d\u2019une page Web du site Euphrosyne. Cette application permet \u00e0 l\u2019utilisateur d\u2019AGLAE de planifier et de visualiser les r\u00e9sultats des diff\u00e9rentes journ\u00e9es d\u2019exp\u00e9riences (RUN).\" class=\"wp-image-4686\" srcset=\"https:\/\/www.erihs.fr\/wp-content\/uploads\/2025\/12\/euphrosyne.jpg 227w, https:\/\/www.erihs.fr\/wp-content\/uploads\/2025\/12\/euphrosyne-186x300.jpg 186w\" sizes=\"auto, (max-width: 227px) 100vw, 227px\" \/><\/a><figcaption class=\"wp-element-caption\"><em>Capture d\u2019une page Web du site Euphrosyne. Cette application permet \u00e0 l\u2019utilisateur d\u2019AGLAE de planifier et de visualiser les r\u00e9sultats des diff\u00e9rentes journ\u00e9es d\u2019exp\u00e9riences (RUN).<\/em><\/figcaption><\/figure>\n<\/div>\n<\/div>\n\n\n\n<ol class=\"wp-block-list\"><\/ol>\n\n\n\n<p><\/p>\n\n\n\n<p style=\"font-size:10px\">Source&nbsp;: Direction interminist\u00e9rielle du num\u00e9rique, <a href=\"https:\/\/beta.gouv.fr\/startups\/euphrosyne.html\">https:\/\/beta.gouv.fr\/startups\/euphrosyne.html<\/a><\/p>\n\n\n\n<div style=\"display: none;\"><\/div>\n\r\n","protected":false},"excerpt":{"rendered":"<p>ARCHLAB &#8211;&nbsp;Les peintures au blanc de zinc des XIXe et XXe&nbsp;si\u00e8cles&nbsp;: caract\u00e9risation physico-chimique multidimensionnelle Le projet ZOoMM (Zinc Oxide\u00a0: from<\/p>\n","protected":false},"author":10,"featured_media":0,"parent":380,"menu_order":0,"comment_status":"closed","ping_status":"closed","template":"","meta":{"colormag_page_container_layout":"default_layout","colormag_page_sidebar_layout":"default_layout","footnotes":""},"class_list":["post-349","page","type-page","status-publish","hentry"],"_links":{"self":[{"href":"https:\/\/www.erihs.fr\/index.php?rest_route=\/wp\/v2\/pages\/349","targetHints":{"allow":["GET"]}}],"collection":[{"href":"https:\/\/www.erihs.fr\/index.php?rest_route=\/wp\/v2\/pages"}],"about":[{"href":"https:\/\/www.erihs.fr\/index.php?rest_route=\/wp\/v2\/types\/page"}],"author":[{"embeddable":true,"href":"https:\/\/www.erihs.fr\/index.php?rest_route=\/wp\/v2\/users\/10"}],"replies":[{"embeddable":true,"href":"https:\/\/www.erihs.fr\/index.php?rest_route=%2Fwp%2Fv2%2Fcomments&post=349"}],"version-history":[{"count":34,"href":"https:\/\/www.erihs.fr\/index.php?rest_route=\/wp\/v2\/pages\/349\/revisions"}],"predecessor-version":[{"id":4690,"href":"https:\/\/www.erihs.fr\/index.php?rest_route=\/wp\/v2\/pages\/349\/revisions\/4690"}],"up":[{"embeddable":true,"href":"https:\/\/www.erihs.fr\/index.php?rest_route=\/wp\/v2\/pages\/380"}],"wp:attachment":[{"href":"https:\/\/www.erihs.fr\/index.php?rest_route=%2Fwp%2Fv2%2Fmedia&parent=349"}],"curies":[{"name":"wp","href":"https:\/\/api.w.org\/{rel}","templated":true}]}}