{"id":1634,"date":"2023-07-19T11:40:26","date_gmt":"2023-07-19T10:40:26","guid":{"rendered":"https:\/\/www.erihs.fr\/?page_id=1634"},"modified":"2024-03-14T14:42:41","modified_gmt":"2024-03-14T13:42:41","slug":"digilab","status":"publish","type":"page","link":"https:\/\/www.erihs.fr\/?page_id=1634","title":{"rendered":"DIGILAB"},"content":{"rendered":"<p>DIGILAB est la plateforme num\u00e9rique d\u2019E-RIHS. DIGILAB vise \u00e0 faciliter l\u2019\u00e9change et la r\u00e9utilisation des donn\u00e9es scientifiques et fournira un nombre de catalogues, donn\u00e9es et services num\u00e9riques en ligne \u00e0 travers le portail d\u2019E-RIHS DIGILAB.<\/p>\n<p>Le premier des services rendus par DIGILAB sera d\u2019aider l\u2019utilisateur \u00e0 mieux comprendre et connaitre l\u2019ensemble des infrastructures qui font partie d\u2019E-RIHS. Pour cela, DIGILAB fournira un catalogue d\u00e9taill\u00e9 des services physiques ou num\u00e9riques qui sont disponibles soit directement sur DIGILAB, soit via les infrastructures qui constituent E-RIHS ou chez les partenaires d\u2019E-RIHS. La cr\u00e9ation de ces catalogues n\u00e9cessitera la cr\u00e9ation de mod\u00e8les pour d\u00e9crire de fa\u00e7on s\u00e9mantique les fournisseurs, leurs r\u00f4les et les services fournis par eux. Elle n\u00e9cessitera aussi la mise en \u0153uvre de certains services communs essentiels tels que des r\u00e9f\u00e9rentiels, des vocabulaires contr\u00f4l\u00e9s ou thesaurus multilingues.<\/p>\n<p>Un autre service essentiel sera le syst\u00e8me d\u2019authentification, d\u2019identification et d\u2019autorisation. DIGILAB fournira un syst\u00e8me d\u2019identit\u00e9 f\u00e9d\u00e9r\u00e9 \u00e0 tous les gestionnaires de donn\u00e9es participants et \u00e0 toutes les cat\u00e9gories d\u2019utilisateurs.<\/p>\n<p>Les donn\u00e9es scientifiques acquises par chaque partenaire seront g\u00e9r\u00e9es par chaque partenaire et stock\u00e9es soit au sein de l\u2019institution partenaire soit dans des plateformes Cloud comme EOSC (<em>European Open Science Cloud<\/em>) ou dans d\u2019autres \u00e9cosyst\u00e8mes, comme le futur Cloud Collaboratif Europ\u00e9en pour le Patrimoine Culturel lanc\u00e9 par la Commission europ\u00e9enne. N\u00e9anmoins, les donn\u00e9es qui sont rendues disponibles par chaque partenaire seront index\u00e9es par DIGILAB afin de permettre des recherches s\u00e9mantiques multilingues \u00e0 travers l\u2019ensemble des donn\u00e9es scientifiques d\u00e9tenues par les partenaires.<\/p>\n<p>DIGILAB r\u00e9pondra aussi aux besoins d\u2019interop\u00e9rabilit\u00e9 en termes de donn\u00e9es ainsi qu\u2019en termes de m\u00e9tadonn\u00e9es. La r\u00e9utilisation et le partage des donn\u00e9es analytiques est un enjeu scientifique majeur, mais beaucoup de donn\u00e9es acquises par les instruments analytiques sont dans des formats propri\u00e9taires ou difficilement exploitables. Pour r\u00e9pondre \u00e0 cette probl\u00e9matique, DIGILAB \u00e9laborera des mod\u00e8les et formats ainsi que des outils informatiques pour pouvoir harmoniser, standardiser et transformer ces donn\u00e9es afin de faciliter une r\u00e9utilisation la plus large possible. Ces mod\u00e8les seront bas\u00e9s sur des normes existantes issues d\u2019autres domaines scientifiques ou, si n\u00e9cessaire, seront cr\u00e9\u00e9s sur mesure pour le domaine des sciences du patrimoine. Ces formats et outils seront disponibles sous des licences ouvertes et DIGILAB fournira de l\u2019aide et conseil aux institutions pour les accompagner \u00e0 faire la transition vers les donn\u00e9es Facilement trouvables, Accessibles, Interop\u00e9rables et R\u00e9utilisables (FAIR).<\/p>\n<p>La tra\u00e7abilit\u00e9 et la validation de la provenance des donn\u00e9es sont essentielles pour une utilisation scientifique, \u00e9thique et fiable et DIGILAB fournira \u00e9galement des services de tra\u00e7abilit\u00e9 et de citation pour que les donn\u00e9es r\u00e9utilis\u00e9es soient correctement cit\u00e9es et attribu\u00e9es par la suite.<\/p>\n<p>DIGILAB fournira aussi certains logiciels ou services de traitement de donn\u00e9es scientifiques et m\u00e9tadonn\u00e9es ainsi que des services de visualisation de donn\u00e9es. Ces services de traitement de donn\u00e9es peuvent \u00eatre fournis directement par DIGILAB, par les partenaires, via des services tiers li\u00e9s aux plateformes Cloud ou par des fournisseurs de services ind\u00e9pendants.<\/p>\n<p>Le d\u00e9veloppement de cette nouvelle plateforme est pr\u00e9vu en collaboration avec diff\u00e9rentes initiatives structurantes au niveau national comme au niveau europ\u00e9en (ESPADON, le groupe num\u00e9rique du chantier scientifique de Notre Dame, le futur <em>European Collaborative Cloud for Cultural Heritage<\/em>, etc.<\/p>\n<p><span style=\"text-decoration: underline;\">Fournisseurs d&rsquo;acc\u00e8s \u00e0 DIGILAB :<\/span><\/p>\n<ul>\n<li>C2RMF \/ F\u00e9d\u00e9ration NewAGLAE<\/li>\n<li>ETIS<\/li>\n<li>IPANEMA<\/li>\n<li>LRMH<\/li>\n<li>MAP<\/li>\n<li>SATIE<\/li>\n<li>TRACES<\/li>\n<\/ul>\n<div style=\"display: none;\"><\/div>\n<div style=\"display: none;\"><\/div>\n<div style=\"display: none;\"><\/div>\n<div style=\"display: none;\"><\/div>\n","protected":false},"excerpt":{"rendered":"<p>DIGILAB est la plateforme num\u00e9rique d\u2019E-RIHS. DIGILAB vise \u00e0 faciliter l\u2019\u00e9change et la r\u00e9utilisation des donn\u00e9es scientifiques et fournira un<\/p>\n","protected":false},"author":9,"featured_media":0,"parent":1622,"menu_order":0,"comment_status":"closed","ping_status":"closed","template":"","meta":{"colormag_page_container_layout":"default_layout","colormag_page_sidebar_layout":"default_layout","footnotes":""},"class_list":["post-1634","page","type-page","status-publish","hentry"],"_links":{"self":[{"href":"https:\/\/www.erihs.fr\/index.php?rest_route=\/wp\/v2\/pages\/1634","targetHints":{"allow":["GET"]}}],"collection":[{"href":"https:\/\/www.erihs.fr\/index.php?rest_route=\/wp\/v2\/pages"}],"about":[{"href":"https:\/\/www.erihs.fr\/index.php?rest_route=\/wp\/v2\/types\/page"}],"author":[{"embeddable":true,"href":"https:\/\/www.erihs.fr\/index.php?rest_route=\/wp\/v2\/users\/9"}],"replies":[{"embeddable":true,"href":"https:\/\/www.erihs.fr\/index.php?rest_route=%2Fwp%2Fv2%2Fcomments&post=1634"}],"version-history":[{"count":4,"href":"https:\/\/www.erihs.fr\/index.php?rest_route=\/wp\/v2\/pages\/1634\/revisions"}],"predecessor-version":[{"id":2393,"href":"https:\/\/www.erihs.fr\/index.php?rest_route=\/wp\/v2\/pages\/1634\/revisions\/2393"}],"up":[{"embeddable":true,"href":"https:\/\/www.erihs.fr\/index.php?rest_route=\/wp\/v2\/pages\/1622"}],"wp:attachment":[{"href":"https:\/\/www.erihs.fr\/index.php?rest_route=%2Fwp%2Fv2%2Fmedia&parent=1634"}],"curies":[{"name":"wp","href":"https:\/\/api.w.org\/{rel}","templated":true}]}}