{"id":1630,"date":"2023-07-19T11:39:05","date_gmt":"2023-07-19T10:39:05","guid":{"rendered":"https:\/\/www.erihs.fr\/?page_id=1630"},"modified":"2025-12-19T17:28:43","modified_gmt":"2025-12-19T16:28:43","slug":"fixlab","status":"publish","type":"page","link":"https:\/\/www.erihs.fr\/?page_id=1630","title":{"rendered":"FIXLAB"},"content":{"rendered":"\n<div style=\"height:13px\" aria-hidden=\"true\" class=\"wp-block-spacer\"><\/div>\n\n\n\n<div class=\"wp-block-columns are-vertically-aligned-center is-layout-flex wp-container-core-columns-is-layout-28f84493 wp-block-columns-is-layout-flex\">\n<div class=\"wp-block-column is-vertically-aligned-center is-layout-flow wp-block-column-is-layout-flow\">\n<figure class=\"wp-block-embed is-type-video is-provider-youtube wp-block-embed-youtube wp-embed-aspect-16-9 wp-has-aspect-ratio\"><div class=\"wp-block-embed__wrapper\">\n<iframe loading=\"lazy\" title=\"E-RIHS Services: the FIXLAB platform\" width=\"800\" height=\"450\" src=\"https:\/\/www.youtube.com\/embed\/uNcxzWx2aS4?feature=oembed\" frameborder=\"0\" allow=\"accelerometer; autoplay; clipboard-write; encrypted-media; gyroscope; picture-in-picture; web-share\" referrerpolicy=\"strict-origin-when-cross-origin\" allowfullscreen><\/iframe>\n<\/div><\/figure>\n<\/div>\n\n\n\n<div class=\"wp-block-column is-vertically-aligned-center is-layout-flow wp-block-column-is-layout-flow\">\n<div class=\"wp-block-group is-nowrap is-layout-flex wp-container-core-group-is-layout-6c531013 wp-block-group-is-layout-flex\">\n<p>La plateforme FIXLAB donne acc\u00e8s aux principales installations de recherche fixes et \u00e0 l\u2019exp\u00e9rience scientifique associ\u00e9e de leur personnel qui d\u00e9veloppe et entretient des instruments de pointe pour les diagnostics avanc\u00e9s et l\u2019arch\u00e9om\u00e9trie. L\u2019acc\u00e8s est offert aux chercheurs en sciences du patrimoine pour les aider \u00e0 r\u00e9pondre aux questions majeures soulev\u00e9es par la mat\u00e9rialit\u00e9 des artefacts des sciences du patrimoine en termes de gen\u00e8se, de processus de fabrication, d\u2019alt\u00e9rations, de conservation et de pr\u00e9servation. <\/p>\n<\/div>\n<\/div>\n<\/div>\n\n\n\n<p><\/p>\n\n\n\n<p>Les services uniques offerts par FIXLAB \u00e0 la communaut\u00e9 des sciences du patrimoine comprennent une instrumentation de pointe, des installations d\u00e9di\u00e9es avec des \u00e9quipes d\u2019experts dans le domaine de la micro-analyse des artefacts des sciences du patrimoine, de nouveaux d\u00e9veloppements r\u00e9sultants des activit\u00e9s de recherche conjointes pour am\u00e9liorer progressivement l\u2019acc\u00e8s, le d\u00e9veloppement de nouveaux dispositifs de positionnement des \u00e9chantillons \u00e0 une micro\u00e9chelle et des outils logiciels pour l\u2019int\u00e9gration des donn\u00e9es d\u2019imagerie. Ces d\u00e9veloppements, men\u00e9s notamment au niveau europ\u00e9en dans le cadre du projet IPERION HS et au niveau national dans le cadre de l\u2019EquipEx + ESPADON, permettent l\u2019ajout ou l\u2019am\u00e9lioration des plateformes et facilitent leur interop\u00e9rabilit\u00e9 via la participation des fournisseurs d\u2019acc\u00e8s FIXLAB \u00e0 DIGILAB.<\/p>\n\n\n\n<p>FIXLAB offre l\u2019acc\u00e8s \u00e0 des plateformes vari\u00e9es telles que\u00a0:<br>&#8211; Techniques de conservation et m\u00e9thodes de pr\u00e9paration<br>&#8211; Plateforme d\u2019arch\u00e9ologie exp\u00e9rimentale<br>&#8211; Datation<br>&#8211; Analyse prot\u00e9omique<br>&#8211; Mesures des param\u00e8tres environnementaux<br>&#8211; Pr\u00e9paration des \u00e9chantillons par FIB-<br>&#8211; Microscopie \u00e9lectronique (\u00e0 balayage et \u00e0 transmission)<br>&#8211; Imagerie (multi\u00e9chelle et multispectrale)<br>&#8211; Techniques d\u2019analyse par faisceaux d\u2019ions<br>&#8211; Spectrom\u00e9trie de masse<br>&#8211; Analyse mol\u00e9culaire<br>&#8211; Spectroscopie mol\u00e9culaire<br>&#8211; Spectroscopies optiques<br>&#8211; Caract\u00e9risation physique<br>&#8211; Caract\u00e9risation thermique<br>&#8211; Fluorescence des rayons X<br>&#8211; Diffraction des rayons X<br>&#8211; Tomographie des rayons X<\/p>\n\n\n\n<p><span style=\"text-decoration: underline;\">Fournisseurs d&rsquo;acc\u00e8s \u00e0 FIXLAB :<\/span><br>C2RMF \/ F\u00e9d\u00e9ration NewAGLAE, C2RMF, CEMES, LMC14, CICRP, CRC, CYU, HERIT&rsquo;OMICS, IPANEMA, LAMS, LAPA, LRMH, SATIE, TRACES<\/p>\n\r\n","protected":false},"excerpt":{"rendered":"<p>La plateforme FIXLAB donne acc\u00e8s aux principales installations de recherche fixes et \u00e0 l\u2019exp\u00e9rience scientifique associ\u00e9e de leur personnel qui<\/p>\n","protected":false},"author":9,"featured_media":0,"parent":1622,"menu_order":0,"comment_status":"closed","ping_status":"closed","template":"","meta":{"colormag_page_container_layout":"default_layout","colormag_page_sidebar_layout":"default_layout","footnotes":""},"class_list":["post-1630","page","type-page","status-publish","hentry"],"_links":{"self":[{"href":"https:\/\/www.erihs.fr\/index.php?rest_route=\/wp\/v2\/pages\/1630","targetHints":{"allow":["GET"]}}],"collection":[{"href":"https:\/\/www.erihs.fr\/index.php?rest_route=\/wp\/v2\/pages"}],"about":[{"href":"https:\/\/www.erihs.fr\/index.php?rest_route=\/wp\/v2\/types\/page"}],"author":[{"embeddable":true,"href":"https:\/\/www.erihs.fr\/index.php?rest_route=\/wp\/v2\/users\/9"}],"replies":[{"embeddable":true,"href":"https:\/\/www.erihs.fr\/index.php?rest_route=%2Fwp%2Fv2%2Fcomments&post=1630"}],"version-history":[{"count":9,"href":"https:\/\/www.erihs.fr\/index.php?rest_route=\/wp\/v2\/pages\/1630\/revisions"}],"predecessor-version":[{"id":4727,"href":"https:\/\/www.erihs.fr\/index.php?rest_route=\/wp\/v2\/pages\/1630\/revisions\/4727"}],"up":[{"embeddable":true,"href":"https:\/\/www.erihs.fr\/index.php?rest_route=\/wp\/v2\/pages\/1622"}],"wp:attachment":[{"href":"https:\/\/www.erihs.fr\/index.php?rest_route=%2Fwp%2Fv2%2Fmedia&parent=1630"}],"curies":[{"name":"wp","href":"https:\/\/api.w.org\/{rel}","templated":true}]}}