{"id":1622,"date":"2023-07-19T11:35:52","date_gmt":"2023-07-19T10:35:52","guid":{"rendered":"https:\/\/www.erihs.fr\/?page_id=1622"},"modified":"2025-12-19T17:15:01","modified_gmt":"2025-12-19T16:15:01","slug":"les-plateformes","status":"publish","type":"page","link":"https:\/\/www.erihs.fr\/?page_id=1622","title":{"rendered":"Les plateformes"},"content":{"rendered":"\n<p>Les \u00ab\u2009plateformes d\u2019acc\u00e8s\u2009\u00bb comprennent les installations, les ressources et les services utilis\u00e9s par la communaut\u00e9 des chercheurs pour mener \u00e0 bien leurs recherches et ainsi favoriser l\u2019innovation dans le domaine des sciences du patrimoine.<\/p>\n\n\n\n<p>Ils comprennent les principaux \u00e9quipements scientifiques (ou ensembles d\u2019instruments), les ressources fond\u00e9es sur la connaissance, telles que les collections, les archives et les donn\u00e9es scientifiques, les infrastructures \u00e9lectroniques, les syst\u00e8mes informatiques et les r\u00e9seaux de communication, et tout autre instrument pouvant aider \u00e0 atteindre l\u2019excellence dans la recherche et l\u2019innovation. Ils int\u00e8grent \u00e9galement l\u2019expertise humaine et le savoir-faire des \u00e9quipes E-RIHS responsables de chacune de ces plateformes.<\/p>\n\n\n\n<p>L\u2019acc\u00e8s est offert par les partenaires d\u2019E-RIHS essentiellement sous forme de contributions en nature. Cela signifie que les plateformes fourniront un acc\u00e8s pour r\u00e9pondre aux questions de recherche relatives \u00e0 l\u2019ensemble du champ d\u2019application des sciences du patrimoine, dans le respect des dispositions l\u00e9gales et statutaires des fournisseurs.<\/p>\n\n\n\n<div class=\"wp-block-buttons is-content-justification-center is-layout-flex wp-container-core-buttons-is-layout-a89b3969 wp-block-buttons-is-layout-flex\">\n<div class=\"wp-block-button is-style-fill\"><a class=\"wp-block-button__link has-background wp-element-button\" href=\"https:\/\/catalogue.e-rihs.eu\/catalogue\" style=\"background-color:#ea212d\">Acc\u00e9der au Catalogue de services<\/a><\/div>\n<\/div>\n\n\n\n<div style=\"height:11px\" aria-hidden=\"true\" class=\"wp-block-spacer\"><\/div>\n\n\n\n<p>E-RIHS offre des services via quatre plateformes d\u2019acc\u00e8s\u00a0:<\/p>\n\n\n\n<p><strong><a title=\"ARCHLAB\" href=\"https:\/\/www.erihs.fr\/?page_id=1496\">ARCHLAB<\/a><\/strong> founit un acc\u00e8s aux diverses collections de ressources conserv\u00e9es dans les institutions patrimoniales impliqu\u00e9es et qui permettent d\u2019approfondir ou de revisiter des \u00e9tudes scientifiques d\u00e9j\u00e0 r\u00e9alis\u00e9es, telles que des archives mat\u00e9rielles, des ressources num\u00e9riques, des images scientifiques, des donn\u00e9es analytiques, des \u00e9chantillons et mat\u00e9riaux de r\u00e9f\u00e9rence, avec un accompagnement sp\u00e9cifique des chercheurs par les responsables de ces collections et\/ou lorsque cela est possible par les scientifiques qui ont r\u00e9alis\u00e9 les \u00e9tudes.<\/p>\n\n\n\n<p><strong><a title=\"MOLAB\" href=\"https:\/\/www.erihs.fr\/?page_id=1627\">MOLAB<\/a><\/strong>\u00a0fournit un acc\u00e8s \u00e0 une s\u00e9lection d\u2019instrumentations mobiles permettant des mesures non invasives, sur les objets, collections de mus\u00e9es, monuments et sites, pour l\u2019investigation in situ dans le cadre de projets de diagnostic multitechniques, associant les comp\u00e9tences et l\u2019expertise du personnel dans l\u2019application de ces techniques et l\u2019exploitation de leurs r\u00e9sultats.<\/p>\n\n\n\n<p><strong><a title=\"FIXLAB\" href=\"https:\/\/www.erihs.fr\/?page_id=1630\">FIXLAB<\/a><\/strong>\u00a0fournit un acc\u00e8s \u00e0 des installations fixes, telles que de grands instruments, par exemple des acc\u00e9l\u00e9rateurs de particules, sources de neutrons et laser et d\u2019autres installations de recherche non d\u00e9pla\u00e7ables\u2009;<\/p>\n\n\n\n<p><strong><a title=\"DIGILAB\" href=\"https:\/\/www.erihs.fr\/?page_id=1634\">DIGILAB<\/a><\/strong>\u00a0fournit un acc\u00e8s en ligne aux outils num\u00e9riques et aux ressources et services de recherche sur le patrimoine, dans le but de rendre les donn\u00e9es scientifiques FAIR (Faciles \u00e0 trouver, Accessibles, Interop\u00e9rables et R\u00e9utilisables). Cela inclut l\u2019acc\u00e8s \u00e0 des registres consultables d\u2019ensembles de donn\u00e9es, de collections de r\u00e9f\u00e9rence, de thesaurus, d\u2019ontologies, et permet l\u2019interop\u00e9rabilit\u00e9 des donn\u00e9es gr\u00e2ce \u00e0 la cr\u00e9ation de jumeaux num\u00e9riques au sein d\u2019un \u00e9cosyst\u00e8me ouvert et collaboratif.<\/p>\n\n\n\n<div style=\"display:none;\"><\/div>\n\n\n\n<div style=\"display:none;\"><\/div>\n\n\n\n<div style=\"display:none;\"><\/div>\n\n\n\n<div style=\"display:none;\"><\/div>\n\r\n","protected":false},"excerpt":{"rendered":"<p>Les \u00ab\u2009plateformes d\u2019acc\u00e8s\u2009\u00bb comprennent les installations, les ressources et les services utilis\u00e9s par la communaut\u00e9 des chercheurs pour mener \u00e0<\/p>\n","protected":false},"author":9,"featured_media":0,"parent":0,"menu_order":0,"comment_status":"closed","ping_status":"closed","template":"","meta":{"colormag_page_container_layout":"default_layout","colormag_page_sidebar_layout":"default_layout","footnotes":""},"class_list":["post-1622","page","type-page","status-publish","hentry"],"_links":{"self":[{"href":"https:\/\/www.erihs.fr\/index.php?rest_route=\/wp\/v2\/pages\/1622","targetHints":{"allow":["GET"]}}],"collection":[{"href":"https:\/\/www.erihs.fr\/index.php?rest_route=\/wp\/v2\/pages"}],"about":[{"href":"https:\/\/www.erihs.fr\/index.php?rest_route=\/wp\/v2\/types\/page"}],"author":[{"embeddable":true,"href":"https:\/\/www.erihs.fr\/index.php?rest_route=\/wp\/v2\/users\/9"}],"replies":[{"embeddable":true,"href":"https:\/\/www.erihs.fr\/index.php?rest_route=%2Fwp%2Fv2%2Fcomments&post=1622"}],"version-history":[{"count":8,"href":"https:\/\/www.erihs.fr\/index.php?rest_route=\/wp\/v2\/pages\/1622\/revisions"}],"predecessor-version":[{"id":4708,"href":"https:\/\/www.erihs.fr\/index.php?rest_route=\/wp\/v2\/pages\/1622\/revisions\/4708"}],"wp:attachment":[{"href":"https:\/\/www.erihs.fr\/index.php?rest_route=%2Fwp%2Fv2%2Fmedia&parent=1622"}],"curies":[{"name":"wp","href":"https:\/\/api.w.org\/{rel}","templated":true}]}}