{"id":1612,"date":"2023-07-19T11:08:20","date_gmt":"2023-07-19T10:08:20","guid":{"rendered":"https:\/\/www.erihs.fr\/?page_id=1612"},"modified":"2025-12-18T11:36:12","modified_gmt":"2025-12-18T10:36:12","slug":"historique","status":"publish","type":"page","link":"https:\/\/www.erihs.fr\/?page_id=1612","title":{"rendered":"Historique"},"content":{"rendered":"\n<p>Le projet d\u2019infrastructure europ\u00e9enne pour les sciences du patrimoine, E-RIHS, port\u00e9 par l\u2019Italie, est l\u2019un des aboutissements d\u2019une dynamique de structuration progressive des sciences du patrimoine en Europe depuis le d\u00e9but des ann\u00e9es&nbsp;2000. Cette dynamique a \u00e9t\u00e9 soutenue par plusieurs projets successifs financ\u00e9s par la Commission europ\u00e9enne (<a href=\"https:\/\/cordis.europa.eu\/project\/id\/506171\">EuArtech<\/a>, <a href=\"https:\/\/cordis.europa.eu\/project\/id\/228330\">CHARISMA<\/a>, <a href=\"http:\/\/www.iperionch.eu\/\">IPERION CH<\/a>, <a href=\"https:\/\/www.iperionhs.eu\/\">IPERION HS<\/a>). La France et l\u2019Italie, pays initiateurs des premiers projets, ont jou\u00e9 un r\u00f4le cl\u00e9 dans cette d\u00e9marche de construction europ\u00e9enne.<\/p>\n\n\n\n<p>Au niveau fran\u00e7ais cette structuration a pris naissance il y a plus de trente ans, avec le premier accord-cadre sign\u00e9 par le minist\u00e8re en charge de la culture et le CNRS en 1992, contin\u00fbment renouvel\u00e9 depuis lors et qui associe plus d\u2019une cinquantaine d\u2019unit\u00e9s de recherche et initiatives autour des sciences du patrimoine. Il a \u00e9t\u00e9 suivi par la cr\u00e9ation de plusieurs groupements de recherche (GDR ChimArt\u00a02004-2007, puis ChimARC, 2008-2011, le r\u00e9seau Cairn en arch\u00e9om\u00e9trie). De nombreux investissements lourds de l\u2019\u00c9tat ont accompagn\u00e9 cette d\u00e9marche fournissant aux chercheurs des techniques fines, r\u00e9solues, souvent non invasives, ou portables, pour la caract\u00e9risation approfondie et multi-\u00e9chelle des mat\u00e9riaux du patrimoine.<\/p>\n\n\n\n<p>Le projet de cr\u00e9ation d\u2019une infrastructure p\u00e9renne sous forme d\u2019un ERIC (Consortium d\u2019infrastructure europ\u00e9enne de recherche) a \u00e9t\u00e9 inscrit sur la feuille de route europ\u00e9enne des infrastructures (<a href=\"https:\/\/www.esfri.eu\/\">ESFRI<\/a>), et sur la feuille de route nationale fran\u00e7aise en 2016. L&rsquo;ERIC a \u00e9t\u00e9 cr\u00e9\u00e9 le 28 mars 2025 par la <a href=\"_wp_link_placeholder\" data-wplink-edit=\"true\">d\u00e9cision d&rsquo;impl\u00e9mentation de la Commission europ\u00e9enne (C\/2025\/2239)<\/a>.<\/p>\n\n\n\n<figure class=\"wp-block-image aligncenter size-full\"><img loading=\"lazy\" decoding=\"async\" width=\"680\" height=\"945\" src=\"https:\/\/www.erihs.fr\/wp-content\/uploads\/2025\/12\/chronologie.png\" alt=\"\" class=\"wp-image-4656\" srcset=\"https:\/\/www.erihs.fr\/wp-content\/uploads\/2025\/12\/chronologie.png 680w, https:\/\/www.erihs.fr\/wp-content\/uploads\/2025\/12\/chronologie-216x300.png 216w\" sizes=\"auto, (max-width: 680px) 100vw, 680px\" \/><\/figure>\n\n\n\n<p><\/p>\n\n\n\n<div style=\"display: none;\"><\/div>\n\n\n\n<div style=\"display: none;\"><\/div>\n\n\n\n<div style=\"display: none;\"><\/div>\n\n\n\n<div style=\"display: none;\"><\/div>\n\r\n","protected":false},"excerpt":{"rendered":"<p>Le projet d\u2019infrastructure europ\u00e9enne pour les sciences du patrimoine, E-RIHS, port\u00e9 par l\u2019Italie, est l\u2019un des aboutissements d\u2019une dynamique de<\/p>\n","protected":false},"author":9,"featured_media":0,"parent":380,"menu_order":0,"comment_status":"closed","ping_status":"closed","template":"","meta":{"colormag_page_container_layout":"default_layout","colormag_page_sidebar_layout":"default_layout","footnotes":""},"class_list":["post-1612","page","type-page","status-publish","hentry"],"_links":{"self":[{"href":"https:\/\/www.erihs.fr\/index.php?rest_route=\/wp\/v2\/pages\/1612","targetHints":{"allow":["GET"]}}],"collection":[{"href":"https:\/\/www.erihs.fr\/index.php?rest_route=\/wp\/v2\/pages"}],"about":[{"href":"https:\/\/www.erihs.fr\/index.php?rest_route=\/wp\/v2\/types\/page"}],"author":[{"embeddable":true,"href":"https:\/\/www.erihs.fr\/index.php?rest_route=\/wp\/v2\/users\/9"}],"replies":[{"embeddable":true,"href":"https:\/\/www.erihs.fr\/index.php?rest_route=%2Fwp%2Fv2%2Fcomments&post=1612"}],"version-history":[{"count":7,"href":"https:\/\/www.erihs.fr\/index.php?rest_route=\/wp\/v2\/pages\/1612\/revisions"}],"predecessor-version":[{"id":4658,"href":"https:\/\/www.erihs.fr\/index.php?rest_route=\/wp\/v2\/pages\/1612\/revisions\/4658"}],"up":[{"embeddable":true,"href":"https:\/\/www.erihs.fr\/index.php?rest_route=\/wp\/v2\/pages\/380"}],"wp:attachment":[{"href":"https:\/\/www.erihs.fr\/index.php?rest_route=%2Fwp%2Fv2%2Fmedia&parent=1612"}],"curies":[{"name":"wp","href":"https:\/\/api.w.org\/{rel}","templated":true}]}}