{"id":1596,"date":"2023-07-21T09:14:42","date_gmt":"2023-07-21T08:14:42","guid":{"rendered":"https:\/\/www.erihs.fr\/?page_id=1596"},"modified":"2025-10-30T14:09:55","modified_gmt":"2025-10-30T13:09:55","slug":"mission","status":"publish","type":"page","link":"https:\/\/www.erihs.fr\/?page_id=1596","title":{"rendered":"Mission"},"content":{"rendered":"<div data-page-number=\"6\" data-loaded=\"true\">\n<p>E-RIHS est une infrastructure europ\u00e9enne distribu\u00e9e, sous la forme juridique d\u2019un ERIC (<em>European Research Infrastructure Consortium<\/em>), organis\u00e9e autour d\u2019un hub central, dont le si\u00e8ge social est \u00e0 Florence (Italie) et de n\u0153uds nationaux, parmi lesquels s\u2019inscrit E-RIHS France.<\/p>\n<h6><strong>E-RIHS Europe<\/strong><\/h6>\n<p>E-RIHS a pour mission de fournir \u00e0 la communaut\u00e9 des \u00absciences du patrimoine\u00bb un outil unique, combinant l\u2019acc\u00e8s aux biens culturels, aux donn\u00e9es qui leur sont li\u00e9es, \u00e0 l\u2019expertise qui permet de mieux les connaitre gr\u00e2ce \u00e0 des techniques de pointe, et \u00e0 la mise en \u0153uvre des meilleures pratiques afin de devenir l\u2019infrastructure de recherche de r\u00e9f\u00e9rence mondiale en sciences du patrimoine. Ses principaux objectifs et moyens sont de:<\/p>\n<ul>\n<li>fournir l\u2019acc\u00e8s \u00e0 de l\u2019expertise, des donn\u00e9es num\u00e9riques, des collections de r\u00e9f\u00e9rence, des infrastructures de laboratoire et mobiles de niveau mondial, favorisant une sp\u00e9cialisation intelligente des diff\u00e9rents p\u00f4les europ\u00e9ens existants, pour r\u00e9pondre de mani\u00e8re coh\u00e9rente aux opportunit\u00e9s et aux besoins \u00e9mergents;<\/li>\n<li>stimuler l\u2019innovation dans toutes les disciplines du domaine, des sciences humaines et sociales aux sciences naturelles et \u00e0 l\u2019ing\u00e9nierie,<\/li>\n<li>promouvoir les meilleures pratiques et les m\u00e9thodes innovantes et respectueuses des objets pour r\u00e9pondre aux besoins sp\u00e9cifiques des biens culturels, dans le respect des normes europ\u00e9ennes pour la collecte et le stockage des donn\u00e9es en promouvant l\u2019\u00e9change et l\u2019interop\u00e9rabilit\u00e9;<\/li>\n<li>dispenser une formation de pointeaux chercheurs et aux professionnels externes (utilisateurs), aux chercheurs et professionnels internes (fournisseurs d\u2019acc\u00e8s) et aux gestionnaires d\u2019infrastructures;<\/li>\n<li>cr\u00e9er une identit\u00e9 claire pour les sciences du patrimoine en int\u00e9grant des installations europ\u00e9ennes pr\u00e9\u00e9minentes dans une structure forte et coh\u00e9rente;<\/li>\n<li>connecter les communaut\u00e9s de chercheurs sp\u00e9cialis\u00e9s dans le patrimoine et des chercheurs externes (utilisateurs), en associant les parties prenantes des institutions patrimoniales, des universit\u00e9s, de l\u2019industrie et du grand public par la co-cr\u00e9ation interdisciplinaire, la mise en r\u00e9seau, la sensibilisation et l\u2019engagement du public.<\/li>\n<\/ul>\n<\/div>\n<div data-page-number=\"7\" data-loaded=\"true\">\n<h6><strong>La valeur ajout\u00e9e d\u2019E-RIHS France<\/strong><\/h6>\n<p>Les missions d\u2019E-RIHS France s\u2019inscrivent dans celles de l\u2019infrastructure europ\u00e9enne :<\/p>\n<ul>\n<li>Donner acc\u00e8s \u00e0 des ressources scientifiques de pointe et \u00e0 l\u2019expertise qui leur est associ\u00e9e \u00e0 des chercheurs acad\u00e9miques, des chercheurs issus d\u2019industries culturelles et cr\u00e9atives, des professionnels du patrimoine et des industriels fran\u00e7ais et europ\u00e9ens;<\/li>\n<li>Stimuler la recherche et l\u2019innovation dans toutes les disciplines qui composent les sciences du patrimoine telles que les sciences humaines et sociales, les sciences exp\u00e9rimentales, et les sciences du num\u00e9rique;<\/li>\n<li>Promouvoir les meilleures pratiques et les m\u00e9thodes innovantes qui r\u00e9pondent aux besoins de la communaut\u00e9 des chercheurs et des professionnels du patrimoine en mati\u00e8re de caract\u00e9risation des mat\u00e9riaux, d\u2019identification de m\u00e9canismes de d\u00e9gradation, d\u2019\u00e9valuation et d\u00e9veloppement de traitements de conservation ou de toute autre question li\u00e9e \u00e0 la connaissance intime du patrimoine;<\/li>\n<li>Fournir des \u00e9l\u00e9ments de formation initiale et continue qui refl\u00e8tent la diversit\u00e9 des th\u00e9matiques, des enjeux, et des m\u00e9tiers qui constituent les sciences du patrimoine;<\/li>\n<li>Accompagner ses membres dans la transition num\u00e9rique dans une perspective de science ouverte, collaborative et tourn\u00e9e vers l\u2019Europe et l\u2019international.<\/li>\n<\/ul>\n<p>Ce dernier point, sp\u00e9cifique \u00e0 E-RIHS France, vise \u00e0 une meilleure int\u00e9gration des acteurs fran\u00e7ais de la recherche dans l\u2019\u00e9cosyst\u00e8me europ\u00e9en. La participation active de la France \u00e0 l\u2019infrastructure europ\u00e9enne repr\u00e9sente aussi l\u2019opportunit\u00e9 de renforcer la comp\u00e9titivit\u00e9 des communaut\u00e9s scientifiques fran\u00e7aises lors d\u2019appels \u00e0 projets de recherche europ\u00e9ens.<\/p>\n<\/div>\n<div style=\"display: none;\"><\/div>\n<div style=\"display: none;\"><\/div>\n<div style=\"display: none;\"><\/div>\n<div style=\"display: none;\"><\/div>\n","protected":false},"excerpt":{"rendered":"<p>E-RIHS est une infrastructure europ\u00e9enne distribu\u00e9e, sous la forme juridique d\u2019un ERIC (European Research Infrastructure Consortium), organis\u00e9e autour d\u2019un hub<\/p>\n","protected":false},"author":8,"featured_media":0,"parent":380,"menu_order":0,"comment_status":"closed","ping_status":"closed","template":"","meta":{"colormag_page_container_layout":"default_layout","colormag_page_sidebar_layout":"default_layout","footnotes":""},"class_list":["post-1596","page","type-page","status-publish","hentry"],"_links":{"self":[{"href":"https:\/\/www.erihs.fr\/index.php?rest_route=\/wp\/v2\/pages\/1596","targetHints":{"allow":["GET"]}}],"collection":[{"href":"https:\/\/www.erihs.fr\/index.php?rest_route=\/wp\/v2\/pages"}],"about":[{"href":"https:\/\/www.erihs.fr\/index.php?rest_route=\/wp\/v2\/types\/page"}],"author":[{"embeddable":true,"href":"https:\/\/www.erihs.fr\/index.php?rest_route=\/wp\/v2\/users\/8"}],"replies":[{"embeddable":true,"href":"https:\/\/www.erihs.fr\/index.php?rest_route=%2Fwp%2Fv2%2Fcomments&post=1596"}],"version-history":[{"count":12,"href":"https:\/\/www.erihs.fr\/index.php?rest_route=\/wp\/v2\/pages\/1596\/revisions"}],"predecessor-version":[{"id":4563,"href":"https:\/\/www.erihs.fr\/index.php?rest_route=\/wp\/v2\/pages\/1596\/revisions\/4563"}],"up":[{"embeddable":true,"href":"https:\/\/www.erihs.fr\/index.php?rest_route=\/wp\/v2\/pages\/380"}],"wp:attachment":[{"href":"https:\/\/www.erihs.fr\/index.php?rest_route=%2Fwp%2Fv2%2Fmedia&parent=1596"}],"curies":[{"name":"wp","href":"https:\/\/api.w.org\/{rel}","templated":true}]}}