{"id":1496,"date":"2023-07-07T16:04:56","date_gmt":"2023-07-07T15:04:56","guid":{"rendered":"https:\/\/www.erihs.fr\/?page_id=1496"},"modified":"2025-12-19T17:21:00","modified_gmt":"2025-12-19T16:21:00","slug":"archlab","status":"publish","type":"page","link":"https:\/\/www.erihs.fr\/?page_id=1496","title":{"rendered":"ARCHLAB"},"content":{"rendered":"\n<p>La plateforme ARCHLAB donne acc\u00e8s \u00e0 l\u2019int\u00e9gralit\u00e9 de la documentation et des archives \u2014 physiques et num\u00e9riques \u2014 conserv\u00e9es par les centres de ressources des institutions membres, dans le respect des r\u00e8gles de communicabilit\u00e9 du code du patrimoine\u00a0: bases de donn\u00e9es, documentation scientifique et technique (dossiers d\u2019\u00e9tude ou d\u2019intervention, imagerie), fonds iconographiques, manuscrits, archives administratives, fonds d\u2019archives priv\u00e9es, et mat\u00e9riauth\u00e8ques (\u00e9chantillons, coupes stratigraphiques, mat\u00e9riaux de r\u00e9f\u00e9rence).<\/p>\n\n\n\n<div class=\"wp-block-columns are-vertically-aligned-center is-layout-flex wp-container-core-columns-is-layout-28f84493 wp-block-columns-is-layout-flex\">\n<div class=\"wp-block-column is-vertically-aligned-center is-layout-flow wp-block-column-is-layout-flow\" style=\"flex-basis:50%\">\n<figure class=\"wp-block-embed is-type-video is-provider-youtube wp-block-embed-youtube wp-embed-aspect-16-9 wp-has-aspect-ratio\" style=\"margin-right:var(--wp--preset--spacing--20);margin-left:var(--wp--preset--spacing--20)\"><div class=\"wp-block-embed__wrapper\">\n<iframe loading=\"lazy\" title=\"E-RIHS Services: the ARCHLAB platform\" width=\"800\" height=\"450\" src=\"https:\/\/www.youtube.com\/embed\/fFiL0elA59E?feature=oembed\" frameborder=\"0\" allow=\"accelerometer; autoplay; clipboard-write; encrypted-media; gyroscope; picture-in-picture; web-share\" referrerpolicy=\"strict-origin-when-cross-origin\" allowfullscreen><\/iframe>\n<\/div><\/figure>\n<\/div>\n\n\n\n<div class=\"wp-block-column is-vertically-aligned-center is-layout-flow wp-block-column-is-layout-flow\" style=\"flex-basis:50%\">\n<p>Ces fonds mis \u00e0 disposition des historiens de l\u2019art, arch\u00e9ologues, conservateurs, restaurateurs, sp\u00e9cialistes d\u2019histoire naturelle ou historiens de la recherche sur le patrimoine sont largement in\u00e9dits et constituent une ressource exceptionnelle pour la recherche sur les mat\u00e9riaux du patrimoine culturel et naturel. <\/p>\n\n\n\n<p>Les utilisateurs ont \u00e9galement acc\u00e8s aux collections sp\u00e9cialis\u00e9es des biblioth\u00e8ques des institutions\u00a0: monographies, p\u00e9riodiques imprim\u00e9s et \u00e9lectroniques.<\/p>\n<\/div>\n<\/div>\n\n\n\n<p><\/p>\n\n\n\n<p>Les \u00e9quipes responsables de l\u2019acc\u00e8s (conservateurs et charg\u00e9s de documentation) offrent aux utilisateurs un accompagnement personnalis\u00e9. En fonction des projets de recherche, il pourra s\u2019agir d\u2019orientation scientifique dans les fonds, de num\u00e9risation, ou encore d\u2019organisation d\u2019\u00e9changes avec des experts appartenant \u00e0 la structure.<\/p>\n\n\n\n<p>Apr\u00e8s une \u00e9valuation favorable, l\u2019acc\u00e8s ARCHLAB peut s\u2019accompagner d\u2019un acc\u00e8s \u00e0 de petits \u00e9quipements de laboratoire (\u00e9tude d\u2019\u00e9chantillons).<\/p>\n\n\n\n<p>L\u2019int\u00e9gration de nouvelles institutions et la meilleure valorisation des opportunit\u00e9s et des r\u00e9sultats scientifiques d\u2019ARCHLAB sont une priorit\u00e9 d\u2019E-RIHS France. L\u2019ouverture de nouveaux acc\u00e8s ARCHLAB doit permettre de mieux exploiter le potentiel scientifique des ressources documentaires et des mat\u00e9riauth\u00e8ques disponibles au sein des fournisseurs d\u2019acc\u00e8s d\u2019E-RIHS France, et, \u00e0 moyen terme, celles d\u2019autres partenaires scientifiques nationaux.<\/p>\n\n\n\n<p><span style=\"text-decoration: underline;\">Fournisseurs d&rsquo;acc\u00e8s \u00e0 ARCHLAB :<\/span> <br>C2RMF, CICRP, INP, LRMH, TRACES<\/p>\n\r\n","protected":false},"excerpt":{"rendered":"<p>La plateforme ARCHLAB donne acc\u00e8s \u00e0 l\u2019int\u00e9gralit\u00e9 de la documentation et des archives \u2014 physiques et num\u00e9riques \u2014 conserv\u00e9es par<\/p>\n","protected":false},"author":9,"featured_media":0,"parent":1622,"menu_order":0,"comment_status":"closed","ping_status":"closed","template":"","meta":{"colormag_page_container_layout":"default_layout","colormag_page_sidebar_layout":"default_layout","footnotes":""},"class_list":["post-1496","page","type-page","status-publish","hentry"],"_links":{"self":[{"href":"https:\/\/www.erihs.fr\/index.php?rest_route=\/wp\/v2\/pages\/1496","targetHints":{"allow":["GET"]}}],"collection":[{"href":"https:\/\/www.erihs.fr\/index.php?rest_route=\/wp\/v2\/pages"}],"about":[{"href":"https:\/\/www.erihs.fr\/index.php?rest_route=\/wp\/v2\/types\/page"}],"author":[{"embeddable":true,"href":"https:\/\/www.erihs.fr\/index.php?rest_route=\/wp\/v2\/users\/9"}],"replies":[{"embeddable":true,"href":"https:\/\/www.erihs.fr\/index.php?rest_route=%2Fwp%2Fv2%2Fcomments&post=1496"}],"version-history":[{"count":13,"href":"https:\/\/www.erihs.fr\/index.php?rest_route=\/wp\/v2\/pages\/1496\/revisions"}],"predecessor-version":[{"id":4717,"href":"https:\/\/www.erihs.fr\/index.php?rest_route=\/wp\/v2\/pages\/1496\/revisions\/4717"}],"up":[{"embeddable":true,"href":"https:\/\/www.erihs.fr\/index.php?rest_route=\/wp\/v2\/pages\/1622"}],"wp:attachment":[{"href":"https:\/\/www.erihs.fr\/index.php?rest_route=%2Fwp%2Fv2%2Fmedia&parent=1496"}],"curies":[{"name":"wp","href":"https:\/\/api.w.org\/{rel}","templated":true}]}}