{"id":1492,"date":"2023-07-07T09:34:48","date_gmt":"2023-07-07T08:34:48","guid":{"rendered":"https:\/\/www.erihs.fr\/?page_id=1492"},"modified":"2023-07-19T16:18:01","modified_gmt":"2023-07-19T15:18:01","slug":"iperion-hs-2020-2024","status":"publish","type":"page","link":"https:\/\/www.erihs.fr\/?page_id=1492","title":{"rendered":"IPERION HS (2020 &#8211; 2024)"},"content":{"rendered":"<p><a href=\"https:\/\/www.erihs.fr\/wp-content\/uploads\/2023\/07\/IPERION-HS-Logo-w-text.jpg\"><img loading=\"lazy\" decoding=\"async\" class=\" size-large wp-image-1662 alignleft\" src=\"https:\/\/www.erihs.fr\/wp-content\/uploads\/2023\/07\/IPERION-HS-Logo-w-text-1024x271.jpg\" alt=\"IPERION HS Logo w text\" width=\"800\" height=\"212\" srcset=\"https:\/\/www.erihs.fr\/wp-content\/uploads\/2023\/07\/IPERION-HS-Logo-w-text-1024x271.jpg 1024w, https:\/\/www.erihs.fr\/wp-content\/uploads\/2023\/07\/IPERION-HS-Logo-w-text-300x79.jpg 300w\" sizes=\"auto, (max-width: 800px) 100vw, 800px\" \/><\/a><\/p>\n<p>Dernier projet en date dans la lign\u00e9e des projets europ\u00e9ens d\u00e9di\u00e9s aux sciences du patrimoine, <a href=\"https:\/\/www.iperionhs.eu\/\" target=\"_blank\">IPERION HS<\/a> (Grant agreement ID: 871034 ) est un projet centr\u00e9 autour de 23 n\u0153uds nationaux d&rsquo;E-RIHS repr\u00e9sentant 67 partenaires. B\u00e9n\u00e9ficiant d&rsquo;une enveloppe d&rsquo;environ 6M\u20ac, le projet a d\u00e9marr\u00e9 en avril 2020 et se terminera le 31 mars 2024.<\/p>\n<p>IPERION HS est une nouvelle \u00e9tape vers une approche scientifique unifi\u00e9e des instruments europ\u00e9ens les plus avanc\u00e9s pour l&rsquo;analyse, l&rsquo;interpr\u00e9tation, la pr\u00e9servation, la documentation et la gestion des objets du patrimoine dans les domaines de l&rsquo;histoire de l&rsquo;art, de la conservation, de l&rsquo;arch\u00e9ologie et de la pal\u00e9ontologie. L&rsquo;activit\u00e9 principale d&rsquo;IPERION HS consiste \u00e0 offrir un acc\u00e8s transnational \u00e0 un large \u00e9ventail d&rsquo;instruments, de m\u00e9thodologies, de donn\u00e9es et d&rsquo;outils scientifiques de haut niveau afin de faire progresser la connaissance et l&rsquo;innovation dans ce domaine.\u00a0 En outre, IPERION HS contribue \u00e0 la recherche innovante conjointe pour une meilleure interop\u00e9rabilit\u00e9, non seulement des donn\u00e9es, mais aussi des \u00e9chantillons, des m\u00e9thodes et des instruments. Les activit\u00e9s de mise en r\u00e9seau du projet visent \u00e0 renforcer les liens au sein du groupe et \u00e0 cr\u00e9er un sentiment d&rsquo;appartenance pour les chercheurs en sciences du patrimoine qui utiliserons les infrastructures.<\/p>\n<p>E-RIHS France y est repr\u00e9sent\u00e9 par le CNRS, en collaboration avec le minist\u00e8re de la Culture, le synchrotron SOLEIL, l&rsquo;Universit\u00e9 de Bordeaux, l&rsquo;Universit\u00e9 de Lille et le MNHN. Des membres d&rsquo;E-RIHS France participent \u00e0 chaque <em>Work Package<\/em> du projet, et en particulier aux WP d\u00e9di\u00e9s \u00e0 FIXLAB et aux <em>Joint Research Activities<\/em> dont la coordination est assur\u00e9e par le C2RMF. Notre communaut\u00e9 est particuli\u00e8rement active dans la t\u00e2che d\u00e9di\u00e9e \u00e0 l&rsquo;\u00e9tude des d\u00e9g\u00e2ts d&rsquo;irradiations dirig\u00e9e par IPANEMA.<\/p>\n<div style=\"display:none;\"><\/div>\n<div style=\"display:none;\"><\/div>\n<div style=\"display:none;\"><\/div>\n<div style=\"display:none;\"><\/div>\n","protected":false},"excerpt":{"rendered":"<p>Dernier projet en date dans la lign\u00e9e des projets europ\u00e9ens d\u00e9di\u00e9s aux sciences du patrimoine, IPERION HS (Grant agreement ID:<\/p>\n","protected":false},"author":9,"featured_media":0,"parent":353,"menu_order":0,"comment_status":"closed","ping_status":"closed","template":"","meta":{"colormag_page_container_layout":"default_layout","colormag_page_sidebar_layout":"default_layout","footnotes":""},"class_list":["post-1492","page","type-page","status-publish","hentry"],"_links":{"self":[{"href":"https:\/\/www.erihs.fr\/index.php?rest_route=\/wp\/v2\/pages\/1492","targetHints":{"allow":["GET"]}}],"collection":[{"href":"https:\/\/www.erihs.fr\/index.php?rest_route=\/wp\/v2\/pages"}],"about":[{"href":"https:\/\/www.erihs.fr\/index.php?rest_route=\/wp\/v2\/types\/page"}],"author":[{"embeddable":true,"href":"https:\/\/www.erihs.fr\/index.php?rest_route=\/wp\/v2\/users\/9"}],"replies":[{"embeddable":true,"href":"https:\/\/www.erihs.fr\/index.php?rest_route=%2Fwp%2Fv2%2Fcomments&post=1492"}],"version-history":[{"count":3,"href":"https:\/\/www.erihs.fr\/index.php?rest_route=\/wp\/v2\/pages\/1492\/revisions"}],"predecessor-version":[{"id":1663,"href":"https:\/\/www.erihs.fr\/index.php?rest_route=\/wp\/v2\/pages\/1492\/revisions\/1663"}],"up":[{"embeddable":true,"href":"https:\/\/www.erihs.fr\/index.php?rest_route=\/wp\/v2\/pages\/353"}],"wp:attachment":[{"href":"https:\/\/www.erihs.fr\/index.php?rest_route=%2Fwp%2Fv2%2Fmedia&parent=1492"}],"curies":[{"name":"wp","href":"https:\/\/api.w.org\/{rel}","templated":true}]}}