{"id":1070,"date":"2018-01-18T19:35:26","date_gmt":"2018-01-18T18:35:26","guid":{"rendered":"http:\/\/www.erihs.fr\/?page_id=1070"},"modified":"2025-10-31T16:23:50","modified_gmt":"2025-10-31T15:23:50","slug":"conseil-scientifique-de-rihs-france","status":"publish","type":"page","link":"https:\/\/www.erihs.fr\/?page_id=1070","title":{"rendered":"Conseil scientifique"},"content":{"rendered":"<p><strong>Objectifs<\/strong><\/p>\n<p>De m\u00eame qu\u2019E-RIHS au niveau europ\u00e9en, la plateforme E-RIHS France est dot\u00e9e de son propre conseil scientifique. Le conseil scientifique d&rsquo;E-RIHS-France est plac\u00e9 aupr\u00e8s du comit\u00e9 de pilotage, qui r\u00e9unit les tutelles de la plateforme.<\/p>\n<p>Ce conseil contribue \u00e0 la d\u00e9finition des grandes orientations strat\u00e9giques d\u2019E-RIHS France. Il \u00e9met des recommandations visant \u00e0 l\u2019ad\u00e9quation entre les besoins exprim\u00e9s par les utilisateurs-partenaires d\u2019E-RIHS et les outils mis \u00e0 leur disposition, en termes de compl\u00e9mentarit\u00e9 scientifique et de distribution g\u00e9ographique sur le territoire fran\u00e7ais.<\/p>\n<p>Il apporte son appui \u00e0 la validation de l\u2019entr\u00e9e de nouveaux fournisseurs d\u2019acc\u00e8s, en mettant en \u0153uvre des crit\u00e8res de qualit\u00e9 scientifique, en r\u00e9sonance avec les crit\u00e8res \u00e9tablis au niveau europ\u00e9en. Il veille \u00e0 ce que les instruments et plateformes propos\u00e9es soient accompagn\u00e9s d\u2019\u00e9quipes scientifiques de haut niveau et ayant une expertise d\u00e9velopp\u00e9e dans le domaine de l\u2019analyse des biens culturels.<\/p>\n<p>Il favorise le d\u00e9veloppement de nouveaux outils et de nouvelles m\u00e9thodologies au service de l\u2019analyse des biens culturels toujours moins invasifs, mais aussi de partage de donn\u00e9es.<\/p>\n<p>Il assure un suivi scientifique r\u00e9gulier des r\u00e9sultats et du fonctionnement de l\u2019infrastructure et contribue \u00e0 la validation de la contribution d\u2019E-RIHS France \u00e0 E-RIHS Europe.<\/p>\n<p><strong>Composition<\/strong><\/p>\n<p>Il est compos\u00e9 de repr\u00e9sentants des diff\u00e9rentes communaut\u00e9s scientifiques concern\u00e9es arch\u00e9ologues, historiens d\u2019art, conservateurs, restaurateurs, sp\u00e9cialistes d\u2019histoire naturelle, sp\u00e9cialistes de l\u2019instrumentation scientifique au service du patrimoine, et de repr\u00e9sentants d\u2019infrastructures europ\u00e9ennes d\u00e9j\u00e0 constitu\u00e9es en ERIC.<\/p>\n<p>Les membres sont nomm\u00e9s par le comit\u00e9 de pilotage, sur proposition du coordinateur scientifique d&rsquo;E-RIHS France, pour une dur\u00e9e de 4 ans renouvelable une fois.<\/p>\n<p><strong>Mode de fonctionnement<\/strong><\/p>\n<p>Le conseil scientifique \u00e9lit un pr\u00e9sident et un vice-pr\u00e9sident en son sein. Le secr\u00e9tariat est assur\u00e9 par les coordinateurs.<\/p>\n<p>Le conseil scientifique d&rsquo;E-RIHS se r\u00e9unit deux fois par an, en amont des r\u00e9unions du comit\u00e9 de pilotage. Il peut \u00e9galement \u00eatre r\u00e9uni par visio-conf\u00e9rence. Ses membres peuvent \u00eatre sollicit\u00e9s individuellement pour des avis ou expertises \u00e9crits sur des dossiers li\u00e9s \u00e0 leur comp\u00e9tence personnelle.<\/p>\n<p><strong>Lien avec la Fondation des Sciences du Patrimoine<\/strong><\/p>\n<p>Afin d&rsquo;encourager la synergie avec les autres activit\u00e9s de l&rsquo;\u00e9tablissement porteur, certains membres du conseil scientifique d&rsquo;E-RIHS France sont \u00e9galement invit\u00e9s \u00e0 si\u00e9ger au Comit\u00e9 d&rsquo;Orientation Strat\u00e9gique de la Fondation des Sciences du Patrimoine.<\/p>\n<div style=\"display: none;\"><\/div>\n<div style=\"display: none;\"><\/div>\n<div style=\"display: none;\"><\/div>\n<div style=\"display: none;\"><\/div>\n","protected":false},"excerpt":{"rendered":"<p>Objectifs De m\u00eame qu\u2019E-RIHS au niveau europ\u00e9en, la plateforme E-RIHS France est dot\u00e9e de son propre conseil scientifique. Le conseil<\/p>\n","protected":false},"author":10,"featured_media":0,"parent":0,"menu_order":0,"comment_status":"closed","ping_status":"closed","template":"","meta":{"colormag_page_container_layout":"default_layout","colormag_page_sidebar_layout":"default_layout","footnotes":""},"class_list":["post-1070","page","type-page","status-publish","hentry"],"_links":{"self":[{"href":"https:\/\/www.erihs.fr\/index.php?rest_route=\/wp\/v2\/pages\/1070","targetHints":{"allow":["GET"]}}],"collection":[{"href":"https:\/\/www.erihs.fr\/index.php?rest_route=\/wp\/v2\/pages"}],"about":[{"href":"https:\/\/www.erihs.fr\/index.php?rest_route=\/wp\/v2\/types\/page"}],"author":[{"embeddable":true,"href":"https:\/\/www.erihs.fr\/index.php?rest_route=\/wp\/v2\/users\/10"}],"replies":[{"embeddable":true,"href":"https:\/\/www.erihs.fr\/index.php?rest_route=%2Fwp%2Fv2%2Fcomments&post=1070"}],"version-history":[{"count":35,"href":"https:\/\/www.erihs.fr\/index.php?rest_route=\/wp\/v2\/pages\/1070\/revisions"}],"predecessor-version":[{"id":4571,"href":"https:\/\/www.erihs.fr\/index.php?rest_route=\/wp\/v2\/pages\/1070\/revisions\/4571"}],"wp:attachment":[{"href":"https:\/\/www.erihs.fr\/index.php?rest_route=%2Fwp%2Fv2%2Fmedia&parent=1070"}],"curies":[{"name":"wp","href":"https:\/\/api.w.org\/{rel}","templated":true}]}}