{"id":1007,"date":"2017-11-08T11:29:22","date_gmt":"2017-11-08T10:29:22","guid":{"rendered":"http:\/\/www.erihs.fr\/?page_id=1007"},"modified":"2026-01-05T09:58:27","modified_gmt":"2026-01-05T08:58:27","slug":"acces","status":"publish","type":"page","link":"https:\/\/www.erihs.fr\/?page_id=1007","title":{"rendered":"Acc\u00e8s aux plateformes"},"content":{"rendered":"\n<div style=\"height:30px\" aria-hidden=\"true\" class=\"wp-block-spacer\"><\/div>\n\n\n\n<div class=\"wp-block-buttons is-content-justification-center is-layout-flex wp-container-core-buttons-is-layout-a89b3969 wp-block-buttons-is-layout-flex\">\n<div class=\"wp-block-button is-style-fill\"><a class=\"wp-block-button__link has-background wp-element-button\" href=\"https:\/\/catalogue.e-rihs.eu\/catalogue\" style=\"background-color:#ea212d\">Acc\u00e9der au Catalogue de services<\/a><\/div>\n<\/div>\n\n\n\n<div style=\"height:30px\" aria-hidden=\"true\" class=\"wp-block-spacer\"><\/div>\n\n\n\n<h4 class=\"wp-block-heading\">Les utilisateurs d\u2019E-RIHS<\/h4>\n\n\n\n<p>Les utilisateurs d\u2019E-RIHS France comme d\u2019E-RIHS ERIC peuvent \u00eatre des individus ou des \u00e9quipes issus d\u2019institutions acad\u00e9miques, de centres de recherche, de l\u2019industrie ou d\u2019autres institutions priv\u00e9es et publiques actives dans les sciences du patrimoine. Ils sont acteurs de la conception ou de la cr\u00e9ation de nouvelles connaissances, de produits, de processus, de m\u00e9thodes et de syst\u00e8mes ou de la gestion du patrimoine.<\/p>\n\n\n\n<p>Les \u00e9quipes d\u2019utilisateurs peuvent comprendre des chercheurs, du personnel technique, des \u00e9tudiants effectuant des recherches dans le cadre de leurs \u00e9tudes ou tout autre professionnel du patrimoine de statut public ou priv\u00e9 (conservateur, restaurateur, architecte du patrimoine, etc.). Conform\u00e9ment \u00e0 sa strat\u00e9gie scientifique, E-RIHS encouragera les candidatures d\u2019\u00e9quipes d\u2019utilisateurs ayant un fort caract\u00e8re multidisciplinaire.<\/p>\n\n\n\n<h4 class=\"wp-block-heading\">\u00ab\u2009Acc\u00e8s&nbsp;E-RIHS\u2009\u00bb<\/h4>\n\n\n\n<p>E-RIHS a adopt\u00e9 la d\u00e9finition des acc\u00e8s r\u00e9dig\u00e9e par l\u2019ESFRI dans le cadre de la Charte europ\u00e9enne des acc\u00e8s aux infrastructures. Nous la traduisons de la mani\u00e8re suivante&nbsp;:<\/p>\n\n\n\n<p><em>Le terme \u00ab\u2009acc\u00e8s\u2009\u00bb d\u00e9signe l\u2019admission physique, \u00e0 distance ou virtuelle l\u00e9gitime et autoris\u00e9e, ainsi que les interactions avec les \u00e9l\u00e9ments suivants et l\u2019utilisation des plateformes E-RIHS et des services connexes offerts. Il englobe le temps machine, les ressources informatiques, logiciels, donn\u00e9es, services de communication de donn\u00e9es, pr\u00e9paration d\u2019\u00e9chantillons, consultation d\u2019archives et de collections, mise en place et ex\u00e9cution d\u2019exp\u00e9riences, services analytiques et soutien d\u2019experts.<\/em><\/p>\n\n\n\n<p>Cette d\u00e9finition n\u2019inclut pas le transport des utilisateurs et de tout objet qu\u2019ils peuvent transporter avec eux, tels que leurs propres instruments, artefacts, \u00e9chantillons, etc.<br>\nL\u2019excellence scientifique est au c\u0153ur de cette politique d\u2019acc\u00e8s, mais elle n\u2019est pas cens\u00e9e exclure un certain niveau de diff\u00e9renciation entre les utilisateurs&nbsp;:<\/p>\n\n\n\n<ul class=\"wp-block-list\">\n<li>Dans E-RIHS ERIC, entre utilisateurs europ\u00e9ens et internationaux, en particulier lorsqu\u2019il s\u2019agit d\u2019attribuer des bourses de voyage et d\u2019h\u00e9bergement.<\/li>\n\n\n\n<li>Dans E-RIHS France, entre utilisateurs affili\u00e9s \u00e0 des membres de l\u2019infrastructure, les autres utilisateurs fran\u00e7ais et utilisateurs europ\u00e9ens et internationaux.<\/li>\n<\/ul>\n\n\n\n<p>Afin de maintenir un certain ratio d\u2019utilisateurs europ\u00e9ens au niveau d\u2019E-RIHS ERIC et un certain ratio d\u2019utilisateurs internes dans E-RIHS France, des quotas ou des modalit\u00e9s d\u2019acc\u00e8s particuli\u00e8res seront mis en place.<\/p>\n\n\n\n<p>E-RIHS s\u2019engage \u00e0 fournir un acc\u00e8s sans frais de soumission ou d\u2019\u00e9valuation des projets. En r\u00e8gle g\u00e9n\u00e9rale, les acc\u00e8s \u00e0 E-RIHS ERIC comme \u00e0 E-RIHS France doivent rester gratuits ou le plus abordable possible, mais cela ne signifie pas qu\u2019aucun co\u00fbt ne sera support\u00e9 par les utilisateurs. En effet, une participation aux frais (consommables et autres frais li\u00e9s \u00e0 l\u2019acc\u00e8s) pourra leur \u00eatre factur\u00e9e par les fournisseurs d\u2019acc\u00e8s selon une tarification claire et accessible en ligne.<\/p>\n\n\n\n<p>E-RIHS ERIC ou les n\u0153uds nationaux ne prendront pas en charge les frais de transport ou d\u2019assurance pour les objets analys\u00e9s, ni les frais de missions li\u00e9s aux d\u00e9placements des utilisateurs sauf dans le cas des projets laur\u00e9ats de la bourse de voyage d\u2019E-RIHS ERIC. Il est \u00e9galement attendu des utilisateurs du MOLAB qu\u2019ils prennent en charge les frais de d\u00e9placement des \u00e9quipes des fournisseurs d\u2019acc\u00e8s, sauf pour les laur\u00e9ats de la bourse d\u2019acc\u00e8s d\u2019E-RIHS ERIC.<\/p>\n\n\n\n<p>En application des principes \u00e9thiques d\u2019E-RIHS, ces acc\u00e8s ne doivent \u00eatre en aucun cas assimil\u00e9s \u00e0 des services d\u2019authentification des \u0153uvres, m\u00eame si les r\u00e9sultats produits dans le cadre des acc\u00e8s peuvent \u00eatre utilis\u00e9s par les utilisateurs \u00e0 cette fin sans engager l\u2019infrastructure.<\/p>\n\n\n\n<p>Les utilisateurs d\u2019E-RIHS n\u2019entreprendront des recherches que sur des collections culturelles et scientifiques, des artefacts, des objets, des \u00e9chantillons, des monuments ou des sites appartenant au domaine public.<\/p>\n\n\n\n<p>Les acc\u00e8s sont r\u00e9serv\u00e9s par principe aux objets provenant du domaine public, sauf si&nbsp;:<\/p>\n\n\n\n<ul class=\"wp-block-list\">\n<li>l\u2019\u00e9l\u00e9ment est r\u00e9pertori\u00e9 comme pr\u00e9sentant un int\u00e9r\u00eat au niveau international, national ou r\u00e9gional et est accessible au public\u2009;<\/li>\n\n\n\n<li>l\u2019objet appartient \u00e0 un particulier, mais est d\u00e9pos\u00e9 dans une institution publique\u2009;<\/li>\n\n\n\n<li>l\u2019objet est une propri\u00e9t\u00e9 priv\u00e9e, mais il s\u2019agit d\u2019un \u00e9l\u00e9ment essentiel d\u2019un corpus d\u2019objets appartenant au domaine public.<\/li>\n<\/ul>\n\n\n\n<p>Les limites statutaires de certains fournisseurs pr\u00e9cisant ce point seront, le cas \u00e9ch\u00e9ant, clairement visibles dans le catalogue des services.<\/p>\n\n\n\n<h4 class=\"wp-block-heading\">Les modes d\u2019acc\u00e8s \u00e0 E-RIHS<\/h4>\n\n\n\n<p>L\u2019acc\u00e8s aux quatre plateformes E-RIHS sera fourni selon diff\u00e9rents modes&nbsp;:<\/p>\n\n\n\n<ul class=\"wp-block-list\">\n<li>un mode d\u2019acc\u00e8s bas\u00e9 sur l\u2019excellence pour les plateformes physiques (ARCHLAB, FIXLAB et MOLAB),<\/li>\n\n\n\n<li>un mode d\u2019acc\u00e8s ouvert pour les activit\u00e9s num\u00e9riques sur E-RIHS DIGILAB.<\/li>\n<\/ul>\n\n\n\n<p>La possibilit\u00e9 d\u2019un mode d\u2019acc\u00e8s commercial, conform\u00e9ment aux limitations statutaires d\u2019E-RIHS ERIC et des membres d\u2019E-RIHS France pourra \u00e9galement \u00eatre envisag\u00e9e \u00e0 moyen terme, mais elle ne fait pour l\u2019instant l\u2019objet d\u2019aucun plan pr\u00e9cis aux niveaux fran\u00e7ais et europ\u00e9ens. Si cette option est retenue par l\u2019Assembl\u00e9e G\u00e9n\u00e9rale d\u2019E-RIHS ERIC ou par le comit\u00e9 de pilotage d\u2019E-RIHS France, chaque acc\u00e8s commercial fera l\u2019objet d\u2019un contrat sp\u00e9cifique entre l\u2019utilisateur, le fournisseur d\u2019acc\u00e8s et E-RIHS.<\/p>\n\n\n\n<p>L\u2019acc\u00e8s ax\u00e9 bas\u00e9 sur l\u2019excellence d\u00e9pend exclusivement de l\u2019excellence scientifique des projets soumis, et leur qualit\u00e9 est \u00e9valu\u00e9e dans le cadre d\u2019un processus d\u2019examen par les pairs men\u00e9 par des experts externes. La faisabilit\u00e9 et la pertinence des projets de recherche soumis sont \u00e9valu\u00e9es par un comit\u00e9 technique local (CTL) du fournisseur d\u2019acc\u00e8s demand\u00e9.<\/p>\n\n\n\n<p>Les acc\u00e8s bas\u00e9s sur l\u2019excellence (ARCHLAB, FIXLAB et MOLAB)<\/p>\n\n\n\n<p>Ce mode d\u2019acc\u00e8s repr\u00e9sente le c\u0153ur de l\u2019activit\u00e9 d\u2019E-RIHS et de ses n\u0153uds nationaux. Il est r\u00e9serv\u00e9 aux projets scientifiques entrant dans la d\u00e9finition des sciences du patrimoine telle qu\u2019\u00e9labor\u00e9e par la communaut\u00e9 E-RIHS avec l\u2019ICCROM.<\/p>\n\n\n\n<p>Comme d\u00e9crit plus haut, E-RIHS ERIC et E-RIHS France peuvent accorder des avantages pratiques aux membres de l\u2019infrastructure tels que l\u2019\u00e9tablissement de quotas d\u2019acc\u00e8s r\u00e9serv\u00e9s, mais ces avantages ne doivent en aucun cas \u00eatre li\u00e9s \u00e0 la fa\u00e7on dont les projets sont \u00e9valu\u00e9s.<\/p>\n\n\n\n<p>La mise en place, au niveau europ\u00e9en comme au niveau fran\u00e7ais, de modalit\u00e9 d\u2019acc\u00e8s d\u00e9rogatoires aux plateformes ne doit \u00e9galement en aucun cas \u00eatre vue comme des avantages d\u00e9loyaux lors du processus d\u2019\u00e9valuation scientifique. Ces modalit\u00e9s d\u00e9rogatoires, encore en cours de pr\u00e9cision dans le cadre de l\u2019Assembl\u00e9e g\u00e9n\u00e9rale des fournisseurs d\u2019acc\u00e8s d\u2019E-RIHS France de l\u2019<em>Interim Committee of National Nodes <\/em>d\u2019E-RIHS, sont les suivantes&nbsp;:<\/p>\n\n\n\n<ul class=\"wp-block-list\">\n<li>Les acc\u00e8s \u00ab\u2009fast-track\u2009\u00bb \u00e0 ARCHLAB en cas de demande d\u2019un seul fournisseur d\u2019acc\u00e8s avec une \u00e9valuation simplifi\u00e9e r\u00e9alis\u00e9e au fil de l\u2019eau. La mise en place de tels acc\u00e8s pour FIXLAB est en cours de r\u00e9flexion pour des acc\u00e8s uniques pour des projets exploratoires.<\/li>\n\n\n\n<li>Les acc\u00e8s \u00ab\u2009projets longs\u2009\u00bb permettant l\u2019acc\u00e8s \u00e0 plusieurs plateformes et\/ou des acc\u00e8s r\u00e9p\u00e9t\u00e9s aux fournisseurs d\u2019acc\u00e8s. Cette proc\u00e9dure d\u00e9rogatoire est notamment destin\u00e9e aux doctorants et aux jeunes chercheurs. Ses modalit\u00e9s exactes sont en cours de n\u00e9gociation au niveau europ\u00e9en.<\/li>\n<\/ul>\n\n\n\n<h5 class=\"wp-block-heading\">Un point d\u2019entr\u00e9e unique<\/h5>\n\n\n\n<p>Un point d\u2019entr\u00e9e num\u00e9rique unique pour l\u2019acc\u00e8s aux quatre plateformes sera g\u00e9r\u00e9 par le Hub central europ\u00e9en, et une interface de d\u00e9p\u00f4t sera mise en ligne pour les acc\u00e8s r\u00e9serv\u00e9s E-RIHS France. E-RIHS mettra en place un service d\u2019assistance qui interviendra aux diff\u00e9rentes \u00e9tapes de la soumission des propositions, en aidant les utilisateurs \u00e0 compiler leurs propositions et en les orientant vers la plateforme\/le dispositif le plus appropri\u00e9. Les utilisateurs potentiels peuvent contacter le Helpdesk d\u2019E-RIHS. Ce service d\u2019assistance informera les utilisateurs de l\u2019admissibilit\u00e9 de leur projet et les aidera \u00e0 pr\u00e9parer leur proposition. La caract\u00e9ristique principale de ce soutien pr\u00e9liminaire sera d\u2019offrir un contact avec les fournisseurs d\u2019acc\u00e8s potentiels afin de faciliter la pr\u00e9paration des propositions d\u2019acc\u00e8s. Un utilisateur potentiel pourra contacter le service d\u2019assistance E-RIHS afin d\u2019\u00eatre redirig\u00e9 vers les partenaires E-RIHS pertinents qui pourraient l\u2019aider \u00e0 r\u00e9pondre \u00e0 ses questions de recherche. Le recours au Helpdesk sera tr\u00e8s fortement encourag\u00e9 pour le d\u00e9p\u00f4t de projets concernant le MOLAB et certains fournisseurs d\u2019acc\u00e8s FIXLAB.<\/p>\n\n\n\n<h5 class=\"wp-block-heading\">La proc\u00e9dure d\u2019acc\u00e8s aux plateformes<\/h5>\n\n\n\n<p>Les utilisateurs d\u2019E-RIHS ERIC comme d\u2019E-RIHS France peuvent demander un acc\u00e8s \u00e0 un ou plusieurs services disponibles dans le catalogue d\u2019ARCHLAB, FIXLAB ou MOLAB. Au niveau europ\u00e9en, cette demande peut concerner des plateformes situ\u00e9es dans plusieurs pays alors que les utilisateurs d\u2019E-RIHS France ne peuvent demander que l\u2019acc\u00e8s aux plateformes nationales. Les projets peuvent \u00eatre soumis par un utilisateur seul ou par un groupe d\u2019utilisateurs par l\u2019interm\u00e9diaire d\u2019un \u00ab\u2009User Group Leader\u2009\u00bb. Ces responsables devront remplir un formulaire de candidature sp\u00e9cifique pour demander l\u2019acc\u00e8s \u00e0 E-RIHS ERIC ou E-RIHS France. Ces demandes peuvent \u00eatre soumises en r\u00e9ponse \u00e0 des appels \u00e0 projets r\u00e9guli\u00e8rement publi\u00e9s par E-RIHS, ou dans le cadre des modalit\u00e9s d\u2019acc\u00e8s d\u00e9rogatoires mentionn\u00e9es plus haut. Chaque proposition d\u2019acc\u00e8s bas\u00e9 sur l\u2019excellence sera \u00e9valu\u00e9e selon la proc\u00e9dure sch\u00e9matis\u00e9e ci-dessous.<\/p>\n\n\n\n<figure class=\"wp-block-image aligncenter\"><a href=\"https:\/\/www.erihs.fr\/wp-content\/uploads\/2017\/11\/acce\u0300s.png\"><img loading=\"lazy\" decoding=\"async\" width=\"956\" height=\"540\" src=\"https:\/\/www.erihs.fr\/wp-content\/uploads\/2017\/11\/acce\u0300s.png\" alt=\"acce\u0300s\" class=\"wp-image-1646\" srcset=\"https:\/\/www.erihs.fr\/wp-content\/uploads\/2017\/11\/acce\u0300s.png 956w, https:\/\/www.erihs.fr\/wp-content\/uploads\/2017\/11\/acce\u0300s-300x169.png 300w\" sizes=\"auto, (max-width: 956px) 100vw, 956px\" \/><\/a><\/figure>\n\n\n\n<p><\/p>\n\n\n\n<p>&nbsp;<\/p>\n\n\n\n<div style=\"display:none;\"><\/div>\n\n\n\n<div style=\"display:none;\"><\/div>\n\n\n\n<div style=\"display:none;\"><\/div>\n\n\n\n<div style=\"display:none;\"><\/div>\n\r\n","protected":false},"excerpt":{"rendered":"<p>Les utilisateurs d\u2019E-RIHS Les utilisateurs d\u2019E-RIHS France comme d\u2019E-RIHS ERIC peuvent \u00eatre des individus ou des \u00e9quipes issus d\u2019institutions acad\u00e9miques,<\/p>\n","protected":false},"author":10,"featured_media":0,"parent":0,"menu_order":0,"comment_status":"closed","ping_status":"closed","template":"","meta":{"colormag_page_container_layout":"default_layout","colormag_page_sidebar_layout":"default_layout","footnotes":""},"class_list":["post-1007","page","type-page","status-publish","hentry"],"_links":{"self":[{"href":"https:\/\/www.erihs.fr\/index.php?rest_route=\/wp\/v2\/pages\/1007","targetHints":{"allow":["GET"]}}],"collection":[{"href":"https:\/\/www.erihs.fr\/index.php?rest_route=\/wp\/v2\/pages"}],"about":[{"href":"https:\/\/www.erihs.fr\/index.php?rest_route=\/wp\/v2\/types\/page"}],"author":[{"embeddable":true,"href":"https:\/\/www.erihs.fr\/index.php?rest_route=\/wp\/v2\/users\/10"}],"replies":[{"embeddable":true,"href":"https:\/\/www.erihs.fr\/index.php?rest_route=%2Fwp%2Fv2%2Fcomments&post=1007"}],"version-history":[{"count":15,"href":"https:\/\/www.erihs.fr\/index.php?rest_route=\/wp\/v2\/pages\/1007\/revisions"}],"predecessor-version":[{"id":4739,"href":"https:\/\/www.erihs.fr\/index.php?rest_route=\/wp\/v2\/pages\/1007\/revisions\/4739"}],"wp:attachment":[{"href":"https:\/\/www.erihs.fr\/index.php?rest_route=%2Fwp%2Fv2%2Fmedia&parent=1007"}],"curies":[{"name":"wp","href":"https:\/\/api.w.org\/{rel}","templated":true}]}}